{"id":18,"date":"2024-11-04T21:57:58","date_gmt":"2024-11-04T21:57:58","guid":{"rendered":"https:\/\/allinoneservice.es\/?page_id=18"},"modified":"2024-11-20T15:30:03","modified_gmt":"2024-11-20T15:30:03","slug":"letras-corporeas","status":"publish","type":"page","link":"https:\/\/allinoneservice.es\/ca\/letras-corporeas\/","title":{"rendered":"Lletres corp\u00f2ries"},"content":{"rendered":"<div data-elementor-type=\"wp-page\" data-elementor-id=\"18\" class=\"elementor elementor-18\" data-elementor-post-type=\"page\">\n\t\t\t\t<div class=\"elementor-element elementor-element-829146e e-flex e-con-boxed e-con e-parent\" data-id=\"829146e\" data-element_type=\"container\" data-settings=\"{&quot;background_background&quot;:&quot;classic&quot;}\">\n\t\t\t\t\t<div class=\"e-con-inner\">\n\t\t\t\t<div class=\"elementor-element elementor-element-d7cae86 elementor-widget__width-initial elementor-widget elementor-widget-heading\" data-id=\"d7cae86\" data-element_type=\"widget\" data-widget_type=\"heading.default\">\n\t\t\t\t<div class=\"elementor-widget-container\">\n\t\t\t\t\t<h1 class=\"elementor-heading-title elementor-size-default\">Lletres corp\u00f2ries<\/h1>\t\t\t\t<\/div>\n\t\t\t\t<\/div>\n\t\t\t\t\t<\/div>\n\t\t\t\t<\/div>\n\t\t<div class=\"elementor-element elementor-element-ec9b060 e-flex e-con-boxed e-con e-parent\" data-id=\"ec9b060\" data-element_type=\"container\" data-settings=\"{&quot;background_background&quot;:&quot;classic&quot;,&quot;shape_divider_bottom&quot;:&quot;waves&quot;}\">\n\t\t\t\t\t<div class=\"e-con-inner\">\n\t\t\t\t<div class=\"elementor-shape elementor-shape-bottom\" data-negative=\"false\">\n\t\t\t<svg xmlns=\"http:\/\/www.w3.org\/2000\/svg\" viewbox=\"0 0 1000 100\" preserveaspectratio=\"none\">\n\t<path class=\"elementor-shape-fill\" d=\"M421.9,6.5c22.6-2.5,51.5,0.4,75.5,5.3c23.6,4.9,70.9,23.5,100.5,35.7c75.8,32.2,133.7,44.5,192.6,49.7\tc23.6,2.1,48.7,3.5,103.4-2.5c54.7-6,106.2-25.6,106.2-25.6V0H0v30.3c0,0,72,32.6,158.4,30.5c39.2-0.7,92.8-6.7,134-22.4\tc21.2-8.1,52.2-18.2,79.7-24.2C399.3,7.9,411.6,7.5,421.9,6.5z\"\/>\n<\/svg>\t\t<\/div>\n\t\t<div class=\"elementor-element elementor-element-8e8cdd4 e-con-full e-flex elementor-invisible e-con e-child\" data-id=\"8e8cdd4\" data-element_type=\"container\" data-settings=\"{&quot;animation&quot;:&quot;fadeIn&quot;}\">\n\t\t<div class=\"elementor-element elementor-element-61b7fa0 e-con-full e-flex e-con e-child\" data-id=\"61b7fa0\" data-element_type=\"container\">\n\t\t\t\t<div class=\"elementor-element elementor-element-84bf62d elementor-widget elementor-widget-heading\" data-id=\"84bf62d\" data-element_type=\"widget\" data-widget_type=\"heading.default\">\n\t\t\t\t<div class=\"elementor-widget-container\">\n\t\t\t\t\t<h2 class=\"elementor-heading-title elementor-size-default\">Maximitza l&#039;impacte de la teva marca amb lletres corp\u00f2ries<\/h2>\t\t\t\t<\/div>\n\t\t\t\t<\/div>\n\t\t\t\t<div class=\"elementor-element elementor-element-6a3d391 elementor-widget elementor-widget-text-editor\" data-id=\"6a3d391\" data-element_type=\"widget\" data-widget_type=\"text-editor.default\">\n\t\t\t\t<div class=\"elementor-widget-container\">\n\t\t\t\t\t\t\t\t\t<p>A All In One Service, oferim solucions de lletres corp\u00f2ries personalitzades per a esdeveniments corporatius, creant peces visuals impactants, de porexpan i polyfan. Les nostres lletres corp\u00f2ries s\u00f3n ideals per a estands de fires, recepcions, escenaris i decoracions a qualsevol tipus d&#039;esdeveniment.<\/p>\t\t\t\t\t\t\t\t<\/div>\n\t\t\t\t<\/div>\n\t\t\t\t<\/div>\n\t\t\t\t<div class=\"elementor-element elementor-element-d7674e7 elementor-widget__width-initial elementor-widget elementor-widget-image\" data-id=\"d7674e7\" data-element_type=\"widget\" data-widget_type=\"image.default\">\n\t\t\t\t<div class=\"elementor-widget-container\">\n\t\t\t\t\t\t\t\t\t\t\t\t\t\t\t<img fetchpriority=\"high\" decoding=\"async\" width=\"768\" height=\"1024\" src=\"https:\/\/allinoneservice.es\/wp-content\/uploads\/2024\/11\/IMG_6045-768x1024.jpg\" class=\"attachment-large size-large wp-image-242\" alt=\"\" srcset=\"https:\/\/allinoneservice.es\/wp-content\/uploads\/2024\/11\/IMG_6045-768x1024.jpg 768w, https:\/\/allinoneservice.es\/wp-content\/uploads\/2024\/11\/IMG_6045-225x300.jpg 225w, https:\/\/allinoneservice.es\/wp-content\/uploads\/2024\/11\/IMG_6045-1152x1536.jpg 1152w, https:\/\/allinoneservice.es\/wp-content\/uploads\/2024\/11\/IMG_6045-1536x2048.jpg 1536w, https:\/\/allinoneservice.es\/wp-content\/uploads\/2024\/11\/IMG_6045-scaled.jpg 1920w\" sizes=\"(max-width: 768px) 100vw, 768px\" \/>\t\t\t\t\t\t\t\t\t\t\t\t\t\t\t<\/div>\n\t\t\t\t<\/div>\n\t\t\t\t<\/div>\n\t\t\t\t\t<\/div>\n\t\t\t\t<\/div>\n\t\t<div class=\"elementor-element elementor-element-f10fb92 e-flex e-con-boxed e-con e-parent\" data-id=\"f10fb92\" data-element_type=\"container\" data-settings=\"{&quot;background_background&quot;:&quot;classic&quot;}\">\n\t\t\t\t\t<div class=\"e-con-inner\">\n\t\t<div class=\"elementor-element elementor-element-f8d0e9d e-con-full e-flex e-con e-child\" data-id=\"f8d0e9d\" data-element_type=\"container\" data-settings=\"{&quot;background_background&quot;:&quot;classic&quot;}\">\n\t\t<div class=\"elementor-element elementor-element-bf50f76 e-con-full e-flex e-con e-child\" data-id=\"bf50f76\" data-element_type=\"container\" data-settings=\"{&quot;background_background&quot;:&quot;classic&quot;}\">\n\t\t\t\t<div class=\"elementor-element elementor-element-86f11d8 elementor-widget elementor-widget-heading\" data-id=\"86f11d8\" data-element_type=\"widget\" data-widget_type=\"heading.default\">\n\t\t\t\t<div class=\"elementor-widget-container\">\n\t\t\t\t\t<h3 class=\"elementor-heading-title elementor-size-default\">Diferents tipus de lletres corp\u00f2ries per a cada esdeveniment<\/h3>\t\t\t\t<\/div>\n\t\t\t\t<\/div>\n\t\t<div class=\"elementor-element elementor-element-5926c8f e-con-full e-flex e-con e-child\" data-id=\"5926c8f\" data-element_type=\"container\">\n\t\t<div class=\"elementor-element elementor-element-37a2c04 e-con-full e-flex e-con e-child\" data-id=\"37a2c04\" data-element_type=\"container\">\n\t\t<div class=\"elementor-element elementor-element-2242de0 e-con-full e-flex e-con e-child\" data-id=\"2242de0\" data-element_type=\"container\" data-settings=\"{&quot;background_background&quot;:&quot;classic&quot;}\">\n\t\t\t\t<\/div>\n\t\t\t\t<div class=\"elementor-element elementor-element-7656789 elementor-widget elementor-widget-heading\" data-id=\"7656789\" data-element_type=\"widget\" data-widget_type=\"heading.default\">\n\t\t\t\t<div class=\"elementor-widget-container\">\n\t\t\t\t\t<h2 class=\"elementor-heading-title elementor-size-default\">Lletres corp\u00f2ries il\u00b7luminades<\/h2>\t\t\t\t<\/div>\n\t\t\t\t<\/div>\n\t\t\t\t<div class=\"elementor-element elementor-element-bd9eaa8 elementor-widget elementor-widget-text-editor\" data-id=\"bd9eaa8\" data-element_type=\"widget\" data-widget_type=\"text-editor.default\">\n\t\t\t\t<div class=\"elementor-widget-container\">\n\t\t\t\t\t\t\t\t\t<p>Perfectes per destacar la teva marca en condicions de poca llum o afegir un toc elegant i modern. Poden ser retroil\u00b7luminades o amb llum frontal, garantint visibilitat i un efecte atractiu.<\/p>\t\t\t\t\t\t\t\t<\/div>\n\t\t\t\t<\/div>\n\t\t\t\t<\/div>\n\t\t<div class=\"elementor-element elementor-element-b54b4bd e-con-full e-flex e-con e-child\" data-id=\"b54b4bd\" data-element_type=\"container\">\n\t\t<div class=\"elementor-element elementor-element-adb48c3 e-con-full e-flex e-con e-child\" data-id=\"adb48c3\" data-element_type=\"container\" data-settings=\"{&quot;background_background&quot;:&quot;classic&quot;}\">\n\t\t\t\t<\/div>\n\t\t\t\t<div class=\"elementor-element elementor-element-45708cb elementor-widget elementor-widget-heading\" data-id=\"45708cb\" data-element_type=\"widget\" data-widget_type=\"heading.default\">\n\t\t\t\t<div class=\"elementor-widget-container\">\n\t\t\t\t\t<h2 class=\"elementor-heading-title elementor-size-default\">Lletres corp\u00f2ries sense il\u00b7luminaci\u00f3<\/h2>\t\t\t\t<\/div>\n\t\t\t\t<\/div>\n\t\t\t\t<div class=\"elementor-element elementor-element-a7f4ca9 elementor-widget elementor-widget-text-editor\" data-id=\"a7f4ca9\" data-element_type=\"widget\" data-widget_type=\"text-editor.default\">\n\t\t\t\t<div class=\"elementor-widget-container\">\n\t\t\t\t\t\t\t\t\t<p>\u00a0Opcions vers\u00e0tils i elegants que funcionen b\u00e9 a interiors i exteriors. Fabricades amb materials com PVC, metacrilat, fusta o metall, s&#039;adapten a qualsevol estil.<\/p>\t\t\t\t\t\t\t\t<\/div>\n\t\t\t\t<\/div>\n\t\t\t\t<\/div>\n\t\t<div class=\"elementor-element elementor-element-1cacc8f e-con-full e-flex e-con e-child\" data-id=\"1cacc8f\" data-element_type=\"container\">\n\t\t<div class=\"elementor-element elementor-element-aef787b e-con-full e-flex e-con e-child\" data-id=\"aef787b\" data-element_type=\"container\" data-settings=\"{&quot;background_background&quot;:&quot;classic&quot;}\">\n\t\t\t\t<\/div>\n\t\t\t\t<div class=\"elementor-element elementor-element-ce40c8f elementor-widget elementor-widget-heading\" data-id=\"ce40c8f\" data-element_type=\"widget\" data-widget_type=\"heading.default\">\n\t\t\t\t<div class=\"elementor-widget-container\">\n\t\t\t\t\t<h2 class=\"elementor-heading-title elementor-size-default\">Lletres de gran format<\/h2>\t\t\t\t<\/div>\n\t\t\t\t<\/div>\n\t\t\t\t<div class=\"elementor-element elementor-element-2950d83 elementor-widget elementor-widget-text-editor\" data-id=\"2950d83\" data-element_type=\"widget\" data-widget_type=\"text-editor.default\">\n\t\t\t\t<div class=\"elementor-widget-container\">\n\t\t\t\t\t\t\t\t\t<p>Ideals per crear un gran impacte visual en esdeveniments, confer\u00e8ncies o presentacions. Personalitzem la mida i l&#039;acabat perqu\u00e8 el teu missatge sigui inoblidable.<\/p>\t\t\t\t\t\t\t\t<\/div>\n\t\t\t\t<\/div>\n\t\t\t\t<\/div>\n\t\t\t\t<\/div>\n\t\t\t\t<\/div>\n\t\t\t\t<\/div>\n\t\t<div class=\"elementor-element elementor-element-7f09833 e-con-full e-flex e-con e-child\" data-id=\"7f09833\" data-element_type=\"container\" data-settings=\"{&quot;background_background&quot;:&quot;classic&quot;}\">\n\t\t<div class=\"elementor-element elementor-element-dcdc0d0 e-con-full e-flex e-con e-child\" data-id=\"dcdc0d0\" data-element_type=\"container\" data-settings=\"{&quot;background_background&quot;:&quot;classic&quot;}\">\n\t\t\t\t<div class=\"elementor-element elementor-element-25cc570 elementor-widget elementor-widget-heading\" data-id=\"25cc570\" data-element_type=\"widget\" data-widget_type=\"heading.default\">\n\t\t\t\t<div class=\"elementor-widget-container\">\n\t\t\t\t\t<h3 class=\"elementor-heading-title elementor-size-default\">Usos vers\u00e0tils de les lletres corp\u00f2ries en tot tipus d&#039;esdeveniments<\/h3>\t\t\t\t<\/div>\n\t\t\t\t<\/div>\n\t\t\t\t<div class=\"elementor-element elementor-element-1a7ef75 elementor-widget elementor-widget-text-editor\" data-id=\"1a7ef75\" data-element_type=\"widget\" data-widget_type=\"text-editor.default\">\n\t\t\t\t<div class=\"elementor-widget-container\">\n\t\t\t\t\t\t\t\t\t<p>Les nostres lletres corp\u00f2ries s\u00f3n perfectes per a una varietat d&#039;aplicacions, proporcionant un toc distintiu a qualsevol entorn:<\/p>\t\t\t\t\t\t\t\t<\/div>\n\t\t\t\t<\/div>\n\t\t<div class=\"elementor-element elementor-element-48a3d36 e-con-full e-flex e-con e-child\" data-id=\"48a3d36\" data-element_type=\"container\">\n\t\t<div class=\"elementor-element elementor-element-ea69070 e-con-full e-flex e-con e-child\" data-id=\"ea69070\" data-element_type=\"container\">\n\t\t\t\t<div class=\"elementor-element elementor-element-bcc6fcb elementor-widget elementor-widget-heading\" data-id=\"bcc6fcb\" data-element_type=\"widget\" data-widget_type=\"heading.default\">\n\t\t\t\t<div class=\"elementor-widget-container\">\n\t\t\t\t\t<h2 class=\"elementor-heading-title elementor-size-default\">Recepcions i \u00e0rees de benvinguda<\/h2>\t\t\t\t<\/div>\n\t\t\t\t<\/div>\n\t\t\t\t<div class=\"elementor-element elementor-element-c54f5ae elementor-widget elementor-widget-text-editor\" data-id=\"c54f5ae\" data-element_type=\"widget\" data-widget_type=\"text-editor.default\">\n\t\t\t\t<div class=\"elementor-widget-container\">\n\t\t\t\t\t\t\t\t\t<p>Creeu una primera impressi\u00f3 impactant i professional que reforci la imatge de la vostra marca.<\/p>\t\t\t\t\t\t\t\t<\/div>\n\t\t\t\t<\/div>\n\t\t\t\t<\/div>\n\t\t<div class=\"elementor-element elementor-element-b69dad9 e-con-full e-flex e-con e-child\" data-id=\"b69dad9\" data-element_type=\"container\">\n\t\t\t\t<div class=\"elementor-element elementor-element-7582e86 elementor-widget elementor-widget-heading\" data-id=\"7582e86\" data-element_type=\"widget\" data-widget_type=\"heading.default\">\n\t\t\t\t<div class=\"elementor-widget-container\">\n\t\t\t\t\t<h2 class=\"elementor-heading-title elementor-size-default\">Estands de fires i exposicions<\/h2>\t\t\t\t<\/div>\n\t\t\t\t<\/div>\n\t\t\t\t<div class=\"elementor-element elementor-element-ef6314d elementor-widget elementor-widget-text-editor\" data-id=\"ef6314d\" data-element_type=\"widget\" data-widget_type=\"text-editor.default\">\n\t\t\t\t<div class=\"elementor-widget-container\">\n\t\t\t\t\t\t\t\t\t<p>Refor\u00e7a la visibilitat i l&#039;atractiu de la teva marca, destacant-te davant de la compet\u00e8ncia.<\/p>\t\t\t\t\t\t\t\t<\/div>\n\t\t\t\t<\/div>\n\t\t\t\t<\/div>\n\t\t<div class=\"elementor-element elementor-element-466735b e-con-full e-flex e-con e-child\" data-id=\"466735b\" data-element_type=\"container\">\n\t\t\t\t<div class=\"elementor-element elementor-element-4bd692f elementor-widget elementor-widget-heading\" data-id=\"4bd692f\" data-element_type=\"widget\" data-widget_type=\"heading.default\">\n\t\t\t\t<div class=\"elementor-widget-container\">\n\t\t\t\t\t<h2 class=\"elementor-heading-title elementor-size-default\">Escenaris i presentacions<\/h2>\t\t\t\t<\/div>\n\t\t\t\t<\/div>\n\t\t\t\t<div class=\"elementor-element elementor-element-d8d091c elementor-widget elementor-widget-text-editor\" data-id=\"d8d091c\" data-element_type=\"widget\" data-widget_type=\"text-editor.default\">\n\t\t\t\t<div class=\"elementor-widget-container\">\n\t\t\t\t\t\t\t\t\t<p>Millora l\u00b4est\u00e8tica de l\u00b4esdeveniment amb una decoraci\u00f3 distintiva que atregui totes les mirades.<\/p>\t\t\t\t\t\t\t\t<\/div>\n\t\t\t\t<\/div>\n\t\t\t\t<\/div>\n\t\t<div class=\"elementor-element elementor-element-86d652c e-con-full e-flex e-con e-child\" data-id=\"86d652c\" data-element_type=\"container\">\n\t\t\t\t<div class=\"elementor-element elementor-element-46b7153 elementor-widget elementor-widget-heading\" data-id=\"46b7153\" data-element_type=\"widget\" data-widget_type=\"heading.default\">\n\t\t\t\t<div class=\"elementor-widget-container\">\n\t\t\t\t\t<h2 class=\"elementor-heading-title elementor-size-default\">Esdeveniments corporatius i confer\u00e8ncies<\/h2>\t\t\t\t<\/div>\n\t\t\t\t<\/div>\n\t\t\t\t<div class=\"elementor-element elementor-element-3402e25 elementor-widget elementor-widget-text-editor\" data-id=\"3402e25\" data-element_type=\"widget\" data-widget_type=\"text-editor.default\">\n\t\t\t\t<div class=\"elementor-widget-container\">\n\t\t\t\t\t\t\t\t\t<p>Afegeix un toc de sofisticaci\u00f3 i professionalisme a les trobades.<\/p>\t\t\t\t\t\t\t\t<\/div>\n\t\t\t\t<\/div>\n\t\t\t\t<\/div>\n\t\t\t\t<\/div>\n\t\t\t\t<\/div>\n\t\t\t\t<\/div>\n\t\t\t\t\t<\/div>\n\t\t\t\t<\/div>\n\t\t<div class=\"elementor-element elementor-element-0af88ff e-flex e-con-boxed e-con e-parent\" data-id=\"0af88ff\" data-element_type=\"container\" data-settings=\"{&quot;background_background&quot;:&quot;classic&quot;}\">\n\t\t\t\t\t<div class=\"e-con-inner\">\n\t\t<div class=\"elementor-element elementor-element-671f31a e-con-full e-flex e-con e-child\" data-id=\"671f31a\" data-element_type=\"container\">\n\t\t\t\t<div class=\"elementor-element elementor-element-72b1a83 elementor-widget elementor-widget-heading\" data-id=\"72b1a83\" data-element_type=\"widget\" data-widget_type=\"heading.default\">\n\t\t\t\t<div class=\"elementor-widget-container\">\n\t\t\t\t\t<h2 class=\"elementor-heading-title elementor-size-default\">Solucions personalitzades en corporis: Gran format, lleuger i f\u00e0cil d&#039;instal\u00b7lar<\/h2>\t\t\t\t<\/div>\n\t\t\t\t<\/div>\n\t\t\t\t<div class=\"elementor-element elementor-element-e7dee9e elementor-widget elementor-widget-text-editor\" data-id=\"e7dee9e\" data-element_type=\"widget\" data-widget_type=\"text-editor.default\">\n\t\t\t\t<div class=\"elementor-widget-container\">\n\t\t\t\t\t\t\t\t\t<p>A All In One Service, no nom\u00e9s dissenyem i fabriquem les teves lletres corp\u00f2ries, sin\u00f3 que tamb\u00e9 ens encarreguem de la instal\u00b7laci\u00f3 per garantir que cada element quedi perfectament col\u00b7locat. El nostre equip treballa amb tu per desenvolupar solucions que s&#039;adaptin a l&#039;est\u00e8tica i els objectius del teu esdeveniment.<\/p>\t\t\t\t\t\t\t\t<\/div>\n\t\t\t\t<\/div>\n\t\t\t\t<\/div>\n\t\t\t\t\t<\/div>\n\t\t\t\t<\/div>\n\t\t\t\t<\/div>","protected":false},"excerpt":{"rendered":"<p>Letras corp\u00f3reas Maximiza el impacto de tu marca con letras corp\u00f3reas En All In One Service, ofrecemos soluciones de letras corp\u00f3reas personalizadas para eventos corporativos, creando piezas visuales impactantes, de porexpan y polyfan. Nuestras letras corp\u00f3reas son ideales para stands de ferias, recepciones, escenarios y decoraciones en cualquier tipo de evento. Diferentes tipos de letras [&hellip;]<\/p>","protected":false},"author":1,"featured_media":0,"parent":0,"menu_order":0,"comment_status":"closed","ping_status":"closed","template":"","meta":{"footnotes":""},"class_list":["post-18","page","type-page","status-publish","hentry"],"yoast_head":"<!-- This site is optimized with the Yoast SEO plugin v24.6 - https:\/\/yoast.com\/wordpress\/plugins\/seo\/ -->\n<title>Letras corp\u00f3reas - All In One Service<\/title>\n<meta name=\"robots\" content=\"index, follow, max-snippet:-1, max-image-preview:large, max-video-preview:-1\" \/>\n<link rel=\"canonical\" href=\"https:\/\/allinoneservice.es\/ca\/letras-corporeas\/\" \/>\n<meta property=\"og:locale\" content=\"ca_ES\" \/>\n<meta property=\"og:type\" content=\"article\" \/>\n<meta property=\"og:title\" content=\"Letras corp\u00f3reas - All In One Service\" \/>\n<meta property=\"og:description\" content=\"Letras corp\u00f3reas Maximiza el impacto de tu marca con letras corp\u00f3reas En All In One Service, ofrecemos soluciones de letras corp\u00f3reas personalizadas para eventos corporativos, creando piezas visuales impactantes, de porexpan y polyfan. Nuestras letras corp\u00f3reas son ideales para stands de ferias, recepciones, escenarios y decoraciones en cualquier tipo de evento. Diferentes tipos de letras [&hellip;]\" \/>\n<meta property=\"og:url\" content=\"https:\/\/allinoneservice.es\/ca\/letras-corporeas\/\" \/>\n<meta property=\"og:site_name\" content=\"All In One Service\" \/>\n<meta property=\"article:modified_time\" content=\"2024-11-20T15:30:03+00:00\" \/>\n<meta property=\"og:image\" content=\"https:\/\/allinoneservice.es\/wp-content\/uploads\/2024\/11\/IMG_6045-768x1024.jpg\" \/>\n<meta name=\"twitter:card\" content=\"summary_large_image\" \/>\n<meta name=\"twitter:label1\" content=\"Temps estimat de lectura\" \/>\n\t<meta name=\"twitter:data1\" content=\"2 minuts\" \/>\n<script type=\"application\/ld+json\" class=\"yoast-schema-graph\">{\"@context\":\"https:\/\/schema.org\",\"@graph\":[{\"@type\":\"WebPage\",\"@id\":\"https:\/\/allinoneservice.es\/letras-corporeas\/\",\"url\":\"https:\/\/allinoneservice.es\/letras-corporeas\/\",\"name\":\"Letras corp\u00f3reas - All In One Service\",\"isPartOf\":{\"@id\":\"https:\/\/allinoneservice.es\/#website\"},\"primaryImageOfPage\":{\"@id\":\"https:\/\/allinoneservice.es\/letras-corporeas\/#primaryimage\"},\"image\":{\"@id\":\"https:\/\/allinoneservice.es\/letras-corporeas\/#primaryimage\"},\"thumbnailUrl\":\"https:\/\/allinoneservice.es\/wp-content\/uploads\/2024\/11\/IMG_6045-768x1024.jpg\",\"datePublished\":\"2024-11-04T21:57:58+00:00\",\"dateModified\":\"2024-11-20T15:30:03+00:00\",\"breadcrumb\":{\"@id\":\"https:\/\/allinoneservice.es\/letras-corporeas\/#breadcrumb\"},\"inLanguage\":\"ca\",\"potentialAction\":[{\"@type\":\"ReadAction\",\"target\":[\"https:\/\/allinoneservice.es\/letras-corporeas\/\"]}]},{\"@type\":\"ImageObject\",\"inLanguage\":\"ca\",\"@id\":\"https:\/\/allinoneservice.es\/letras-corporeas\/#primaryimage\",\"url\":\"https:\/\/allinoneservice.es\/wp-content\/uploads\/2024\/11\/IMG_6045-768x1024.jpg\",\"contentUrl\":\"https:\/\/allinoneservice.es\/wp-content\/uploads\/2024\/11\/IMG_6045-768x1024.jpg\"},{\"@type\":\"BreadcrumbList\",\"@id\":\"https:\/\/allinoneservice.es\/letras-corporeas\/#breadcrumb\",\"itemListElement\":[{\"@type\":\"ListItem\",\"position\":1,\"name\":\"Portada\",\"item\":\"https:\/\/allinoneservice.es\/\"},{\"@type\":\"ListItem\",\"position\":2,\"name\":\"Letras corp\u00f3reas\"}]},{\"@type\":\"WebSite\",\"@id\":\"https:\/\/allinoneservice.es\/#website\",\"url\":\"https:\/\/allinoneservice.es\/\",\"name\":\"Only one service\",\"description\":\"\",\"publisher\":{\"@id\":\"https:\/\/allinoneservice.es\/#organization\"},\"potentialAction\":[{\"@type\":\"SearchAction\",\"target\":{\"@type\":\"EntryPoint\",\"urlTemplate\":\"https:\/\/allinoneservice.es\/?s={search_term_string}\"},\"query-input\":{\"@type\":\"PropertyValueSpecification\",\"valueRequired\":true,\"valueName\":\"search_term_string\"}}],\"inLanguage\":\"ca\"},{\"@type\":\"Organization\",\"@id\":\"https:\/\/allinoneservice.es\/#organization\",\"name\":\"Only one service\",\"url\":\"https:\/\/allinoneservice.es\/\",\"logo\":{\"@type\":\"ImageObject\",\"inLanguage\":\"ca\",\"@id\":\"https:\/\/allinoneservice.es\/#\/schema\/logo\/image\/\",\"url\":\"https:\/\/allinoneservice.es\/wp-content\/uploads\/2024\/11\/2-e1732548222692.png\",\"contentUrl\":\"https:\/\/allinoneservice.es\/wp-content\/uploads\/2024\/11\/2-e1732548222692.png\",\"width\":1100,\"height\":278,\"caption\":\"Only one service\"},\"image\":{\"@id\":\"https:\/\/allinoneservice.es\/#\/schema\/logo\/image\/\"}}]}<\/script>\n<!-- \/ Yoast SEO plugin. -->","yoast_head_json":{"title":"Letras corp\u00f3reas - All In One Service","robots":{"index":"index","follow":"follow","max-snippet":"max-snippet:-1","max-image-preview":"max-image-preview:large","max-video-preview":"max-video-preview:-1"},"canonical":"https:\/\/allinoneservice.es\/ca\/letras-corporeas\/","og_locale":"ca_ES","og_type":"article","og_title":"Letras corp\u00f3reas - All In One Service","og_description":"Letras corp\u00f3reas Maximiza el impacto de tu marca con letras corp\u00f3reas En All In One Service, ofrecemos soluciones de letras corp\u00f3reas personalizadas para eventos corporativos, creando piezas visuales impactantes, de porexpan y polyfan. Nuestras letras corp\u00f3reas son ideales para stands de ferias, recepciones, escenarios y decoraciones en cualquier tipo de evento. Diferentes tipos de letras [&hellip;]","og_url":"https:\/\/allinoneservice.es\/ca\/letras-corporeas\/","og_site_name":"All In One Service","article_modified_time":"2024-11-20T15:30:03+00:00","og_image":[{"url":"https:\/\/allinoneservice.es\/wp-content\/uploads\/2024\/11\/IMG_6045-768x1024.jpg","type":"","width":"","height":""}],"twitter_card":"summary_large_image","twitter_misc":{"Temps estimat de lectura":"2 minuts"},"schema":{"@context":"https:\/\/schema.org","@graph":[{"@type":"WebPage","@id":"https:\/\/allinoneservice.es\/letras-corporeas\/","url":"https:\/\/allinoneservice.es\/letras-corporeas\/","name":"Letras corp\u00f3reas - All In One Service","isPartOf":{"@id":"https:\/\/allinoneservice.es\/#website"},"primaryImageOfPage":{"@id":"https:\/\/allinoneservice.es\/letras-corporeas\/#primaryimage"},"image":{"@id":"https:\/\/allinoneservice.es\/letras-corporeas\/#primaryimage"},"thumbnailUrl":"https:\/\/allinoneservice.es\/wp-content\/uploads\/2024\/11\/IMG_6045-768x1024.jpg","datePublished":"2024-11-04T21:57:58+00:00","dateModified":"2024-11-20T15:30:03+00:00","breadcrumb":{"@id":"https:\/\/allinoneservice.es\/letras-corporeas\/#breadcrumb"},"inLanguage":"ca","potentialAction":[{"@type":"ReadAction","target":["https:\/\/allinoneservice.es\/letras-corporeas\/"]}]},{"@type":"ImageObject","inLanguage":"ca","@id":"https:\/\/allinoneservice.es\/letras-corporeas\/#primaryimage","url":"https:\/\/allinoneservice.es\/wp-content\/uploads\/2024\/11\/IMG_6045-768x1024.jpg","contentUrl":"https:\/\/allinoneservice.es\/wp-content\/uploads\/2024\/11\/IMG_6045-768x1024.jpg"},{"@type":"BreadcrumbList","@id":"https:\/\/allinoneservice.es\/letras-corporeas\/#breadcrumb","itemListElement":[{"@type":"ListItem","position":1,"name":"Portada","item":"https:\/\/allinoneservice.es\/"},{"@type":"ListItem","position":2,"name":"Letras corp\u00f3reas"}]},{"@type":"WebSite","@id":"https:\/\/allinoneservice.es\/#website","url":"https:\/\/allinoneservice.es\/","name":"Only one service","description":"","publisher":{"@id":"https:\/\/allinoneservice.es\/#organization"},"potentialAction":[{"@type":"SearchAction","target":{"@type":"EntryPoint","urlTemplate":"https:\/\/allinoneservice.es\/?s={search_term_string}"},"query-input":{"@type":"PropertyValueSpecification","valueRequired":true,"valueName":"search_term_string"}}],"inLanguage":"ca"},{"@type":"Organization","@id":"https:\/\/allinoneservice.es\/#organization","name":"Only one service","url":"https:\/\/allinoneservice.es\/","logo":{"@type":"ImageObject","inLanguage":"ca","@id":"https:\/\/allinoneservice.es\/#\/schema\/logo\/image\/","url":"https:\/\/allinoneservice.es\/wp-content\/uploads\/2024\/11\/2-e1732548222692.png","contentUrl":"https:\/\/allinoneservice.es\/wp-content\/uploads\/2024\/11\/2-e1732548222692.png","width":1100,"height":278,"caption":"Only one service"},"image":{"@id":"https:\/\/allinoneservice.es\/#\/schema\/logo\/image\/"}}]}},"_links":{"self":[{"href":"https:\/\/allinoneservice.es\/ca\/wp-json\/wp\/v2\/pages\/18","targetHints":{"allow":["GET"]}}],"collection":[{"href":"https:\/\/allinoneservice.es\/ca\/wp-json\/wp\/v2\/pages"}],"about":[{"href":"https:\/\/allinoneservice.es\/ca\/wp-json\/wp\/v2\/types\/page"}],"author":[{"embeddable":true,"href":"https:\/\/allinoneservice.es\/ca\/wp-json\/wp\/v2\/users\/1"}],"replies":[{"embeddable":true,"href":"https:\/\/allinoneservice.es\/ca\/wp-json\/wp\/v2\/comments?post=18"}],"version-history":[{"count":34,"href":"https:\/\/allinoneservice.es\/ca\/wp-json\/wp\/v2\/pages\/18\/revisions"}],"predecessor-version":[{"id":564,"href":"https:\/\/allinoneservice.es\/ca\/wp-json\/wp\/v2\/pages\/18\/revisions\/564"}],"wp:attachment":[{"href":"https:\/\/allinoneservice.es\/ca\/wp-json\/wp\/v2\/media?parent=18"}],"curies":[{"name":"wp","href":"https:\/\/api.w.org\/{rel}","templated":true}]}}