{"id":20,"date":"2024-11-04T21:58:14","date_gmt":"2024-11-04T21:58:14","guid":{"rendered":"https:\/\/allinoneservice.es\/?page_id=20"},"modified":"2024-11-25T15:17:08","modified_gmt":"2024-11-25T15:17:08","slug":"figuras-en-gran-formato-en-2d","status":"publish","type":"page","link":"https:\/\/allinoneservice.es\/ca\/figuras-en-gran-formato-en-2d\/","title":{"rendered":"Figures en gran format en 2D"},"content":{"rendered":"<div data-elementor-type=\"wp-page\" data-elementor-id=\"20\" class=\"elementor elementor-20\" data-elementor-post-type=\"page\">\n\t\t\t\t<div class=\"elementor-element elementor-element-6563f3c e-flex e-con-boxed e-con e-parent\" data-id=\"6563f3c\" data-element_type=\"container\" data-settings=\"{&quot;background_background&quot;:&quot;classic&quot;}\">\n\t\t\t\t\t<div class=\"e-con-inner\">\n\t\t\t\t<div class=\"elementor-element elementor-element-89166e6 elementor-widget__width-initial elementor-widget elementor-widget-heading\" data-id=\"89166e6\" data-element_type=\"widget\" data-widget_type=\"heading.default\">\n\t\t\t\t<div class=\"elementor-widget-container\">\n\t\t\t\t\t<h1 class=\"elementor-heading-title elementor-size-default\">Figures en gran format 2d<\/h1>\t\t\t\t<\/div>\n\t\t\t\t<\/div>\n\t\t\t\t\t<\/div>\n\t\t\t\t<\/div>\n\t\t<div class=\"elementor-element elementor-element-4acbbeb e-flex e-con-boxed e-con e-parent\" data-id=\"4acbbeb\" data-element_type=\"container\" data-settings=\"{&quot;background_background&quot;:&quot;classic&quot;,&quot;shape_divider_bottom&quot;:&quot;waves&quot;}\">\n\t\t\t\t\t<div class=\"e-con-inner\">\n\t\t\t\t<div class=\"elementor-shape elementor-shape-bottom\" data-negative=\"false\">\n\t\t\t<svg xmlns=\"http:\/\/www.w3.org\/2000\/svg\" viewbox=\"0 0 1000 100\" preserveaspectratio=\"none\">\n\t<path class=\"elementor-shape-fill\" d=\"M421.9,6.5c22.6-2.5,51.5,0.4,75.5,5.3c23.6,4.9,70.9,23.5,100.5,35.7c75.8,32.2,133.7,44.5,192.6,49.7\tc23.6,2.1,48.7,3.5,103.4-2.5c54.7-6,106.2-25.6,106.2-25.6V0H0v30.3c0,0,72,32.6,158.4,30.5c39.2-0.7,92.8-6.7,134-22.4\tc21.2-8.1,52.2-18.2,79.7-24.2C399.3,7.9,411.6,7.5,421.9,6.5z\"\/>\n<\/svg>\t\t<\/div>\n\t\t<div class=\"elementor-element elementor-element-1bcf866 e-con-full e-flex elementor-invisible e-con e-child\" data-id=\"1bcf866\" data-element_type=\"container\" data-settings=\"{&quot;animation&quot;:&quot;fadeIn&quot;}\">\n\t\t<div class=\"elementor-element elementor-element-11ff868 e-con-full e-flex e-con e-child\" data-id=\"11ff868\" data-element_type=\"container\">\n\t\t\t\t<div class=\"elementor-element elementor-element-67e390d elementor-widget elementor-widget-heading\" data-id=\"67e390d\" data-element_type=\"widget\" data-widget_type=\"heading.default\">\n\t\t\t\t<div class=\"elementor-widget-container\">\n\t\t\t\t\t<h2 class=\"elementor-heading-title elementor-size-default\">Figures a Gran Format en 2D: Impacte visual pels teus esdeveniments<\/h2>\t\t\t\t<\/div>\n\t\t\t\t<\/div>\n\t\t\t\t<div class=\"elementor-element elementor-element-92dd4fc elementor-widget elementor-widget-text-editor\" data-id=\"92dd4fc\" data-element_type=\"widget\" data-widget_type=\"text-editor.default\">\n\t\t\t\t<div class=\"elementor-widget-container\">\n\t\t\t\t\t\t\t\t\t<p>A All in One Service, oferim solucions creatives amb figures en gran format en 2D, dissenyades per captar l&#039;atenci\u00f3 i afegir un toc especial als vostres esdeveniments. Aquestes figures s\u00f3n perfectes per decorar escenaris, estands i \u00e0rees tem\u00e0tiques, proporcionant un element visual impactant que ressalta la identitat de la teva marca.<\/p>\t\t\t\t\t\t\t\t<\/div>\n\t\t\t\t<\/div>\n\t\t\t\t<\/div>\n\t\t\t\t<div class=\"elementor-element elementor-element-3383918 elementor-widget__width-initial elementor-widget elementor-widget-image\" data-id=\"3383918\" data-element_type=\"widget\" data-widget_type=\"image.default\">\n\t\t\t\t<div class=\"elementor-widget-container\">\n\t\t\t\t\t\t\t\t\t\t\t\t\t\t\t<img fetchpriority=\"high\" decoding=\"async\" width=\"768\" height=\"1024\" src=\"https:\/\/allinoneservice.es\/wp-content\/uploads\/2024\/11\/IMG_2537-768x1024.webp\" class=\"attachment-large size-large wp-image-319\" alt=\"\" srcset=\"https:\/\/allinoneservice.es\/wp-content\/uploads\/2024\/11\/IMG_2537-768x1024.webp 768w, https:\/\/allinoneservice.es\/wp-content\/uploads\/2024\/11\/IMG_2537-225x300.webp 225w, https:\/\/allinoneservice.es\/wp-content\/uploads\/2024\/11\/IMG_2537-1152x1536.webp 1152w, https:\/\/allinoneservice.es\/wp-content\/uploads\/2024\/11\/IMG_2537-1536x2048.webp 1536w, https:\/\/allinoneservice.es\/wp-content\/uploads\/2024\/11\/IMG_2537-scaled.webp 1920w\" sizes=\"(max-width: 768px) 100vw, 768px\" \/>\t\t\t\t\t\t\t\t\t\t\t\t\t\t\t<\/div>\n\t\t\t\t<\/div>\n\t\t\t\t<\/div>\n\t\t\t\t\t<\/div>\n\t\t\t\t<\/div>\n\t\t<div class=\"elementor-element elementor-element-1ddcd62 e-flex e-con-boxed e-con e-parent\" data-id=\"1ddcd62\" data-element_type=\"container\" data-settings=\"{&quot;shape_divider_bottom&quot;:&quot;waves&quot;}\">\n\t\t\t\t\t<div class=\"e-con-inner\">\n\t\t\t\t<div class=\"elementor-shape elementor-shape-bottom\" data-negative=\"false\">\n\t\t\t<svg xmlns=\"http:\/\/www.w3.org\/2000\/svg\" viewbox=\"0 0 1000 100\" preserveaspectratio=\"none\">\n\t<path class=\"elementor-shape-fill\" d=\"M421.9,6.5c22.6-2.5,51.5,0.4,75.5,5.3c23.6,4.9,70.9,23.5,100.5,35.7c75.8,32.2,133.7,44.5,192.6,49.7\tc23.6,2.1,48.7,3.5,103.4-2.5c54.7-6,106.2-25.6,106.2-25.6V0H0v30.3c0,0,72,32.6,158.4,30.5c39.2-0.7,92.8-6.7,134-22.4\tc21.2-8.1,52.2-18.2,79.7-24.2C399.3,7.9,411.6,7.5,421.9,6.5z\"\/>\n<\/svg>\t\t<\/div>\n\t\t<div class=\"elementor-element elementor-element-65ace10 e-con-full e-flex e-con e-child\" data-id=\"65ace10\" data-element_type=\"container\" data-settings=\"{&quot;background_background&quot;:&quot;classic&quot;}\">\n\t\t<div class=\"elementor-element elementor-element-812c138 e-con-full e-flex e-con e-child\" data-id=\"812c138\" data-element_type=\"container\" data-settings=\"{&quot;background_background&quot;:&quot;classic&quot;}\">\n\t\t\t\t<div class=\"elementor-element elementor-element-1db3a5f elementor-widget elementor-widget-heading\" data-id=\"1db3a5f\" data-element_type=\"widget\" data-widget_type=\"heading.default\">\n\t\t\t\t<div class=\"elementor-widget-container\">\n\t\t\t\t\t<h3 class=\"elementor-heading-title elementor-size-default\">Dissenys personalitzats i versatilitat per a cada ocasi\u00f3<\/h3>\t\t\t\t<\/div>\n\t\t\t\t<\/div>\n\t\t\t\t<div class=\"elementor-element elementor-element-8627e23 elementor-widget elementor-widget-text-editor\" data-id=\"8627e23\" data-element_type=\"widget\" data-widget_type=\"text-editor.default\">\n\t\t\t\t<div class=\"elementor-widget-container\">\n\t\t\t\t\t\t\t\t\t<p>Les nostres figures en gran format en 2D s&#039;adapten a qualsevol concepte o tem\u00e0tica. Oferim dissenys personalitzats per representar logos, personatges, productes o qualsevol element que vulguis destacar. Cada figura es fabrica en materials d&#039;alta qualitat per garantir-ne la durabilitat i la facilitat d&#039;instal\u00b7laci\u00f3.<\/p>\t\t\t\t\t\t\t\t<\/div>\n\t\t\t\t<\/div>\n\t\t\t\t<\/div>\n\t\t<div class=\"elementor-element elementor-element-b485c25 e-con-full e-flex e-con e-child\" data-id=\"b485c25\" data-element_type=\"container\" data-settings=\"{&quot;background_background&quot;:&quot;classic&quot;}\">\n\t\t\t\t<\/div>\n\t\t\t\t<\/div>\n\t\t\t\t\t<\/div>\n\t\t\t\t<\/div>\n\t\t<div class=\"elementor-element elementor-element-2632d94 e-flex e-con-boxed e-con e-parent\" data-id=\"2632d94\" data-element_type=\"container\" data-settings=\"{&quot;background_background&quot;:&quot;classic&quot;}\">\n\t\t\t\t\t<div class=\"e-con-inner\">\n\t\t<div class=\"elementor-element elementor-element-a64dd76 e-con-full e-flex e-con e-child\" data-id=\"a64dd76\" data-element_type=\"container\" data-settings=\"{&quot;background_background&quot;:&quot;classic&quot;}\">\n\t\t<div class=\"elementor-element elementor-element-1dd03ef e-con-full e-flex e-con e-child\" data-id=\"1dd03ef\" data-element_type=\"container\" data-settings=\"{&quot;background_background&quot;:&quot;classic&quot;}\">\n\t\t\t\t<div class=\"elementor-element elementor-element-a83cc82 elementor-widget elementor-widget-heading\" data-id=\"a83cc82\" data-element_type=\"widget\" data-widget_type=\"heading.default\">\n\t\t\t\t<div class=\"elementor-widget-container\">\n\t\t\t\t\t<h3 class=\"elementor-heading-title elementor-size-default\">Diverses aplicacions creatives de les nostres figures en gran format<\/h3>\t\t\t\t<\/div>\n\t\t\t\t<\/div>\n\t\t<div class=\"elementor-element elementor-element-0d0aeff e-con-full e-flex e-con e-child\" data-id=\"0d0aeff\" data-element_type=\"container\">\n\t\t<div class=\"elementor-element elementor-element-8a2d21b e-con-full e-flex e-con e-child\" data-id=\"8a2d21b\" data-element_type=\"container\">\n\t\t\t\t<div class=\"elementor-element elementor-element-4700af8 elementor-widget elementor-widget-heading\" data-id=\"4700af8\" data-element_type=\"widget\" data-widget_type=\"heading.default\">\n\t\t\t\t<div class=\"elementor-widget-container\">\n\t\t\t\t\t<h2 class=\"elementor-heading-title elementor-size-default\">Estands i exposicions<\/h2>\t\t\t\t<\/div>\n\t\t\t\t<\/div>\n\t\t\t\t<div class=\"elementor-element elementor-element-f971146 elementor-widget elementor-widget-text-editor\" data-id=\"f971146\" data-element_type=\"widget\" data-widget_type=\"text-editor.default\">\n\t\t\t\t<div class=\"elementor-widget-container\">\n\t\t\t\t\t\t\t\t\t<p>Atrau els visitants amb figures cridaneres que reforcin el missatge de la teva marca.<\/p>\t\t\t\t\t\t\t\t<\/div>\n\t\t\t\t<\/div>\n\t\t\t\t<\/div>\n\t\t<div class=\"elementor-element elementor-element-11a7a35 e-con-full e-flex e-con e-child\" data-id=\"11a7a35\" data-element_type=\"container\">\n\t\t\t\t<div class=\"elementor-element elementor-element-c5aeda5 elementor-widget elementor-widget-heading\" data-id=\"c5aeda5\" data-element_type=\"widget\" data-widget_type=\"heading.default\">\n\t\t\t\t<div class=\"elementor-widget-container\">\n\t\t\t\t\t<h2 class=\"elementor-heading-title elementor-size-default\">Escenaris i presentacions<\/h2>\t\t\t\t<\/div>\n\t\t\t\t<\/div>\n\t\t\t\t<div class=\"elementor-element elementor-element-a7a71ae elementor-widget elementor-widget-text-editor\" data-id=\"a7a71ae\" data-element_type=\"widget\" data-widget_type=\"text-editor.default\">\n\t\t\t\t<div class=\"elementor-widget-container\">\n\t\t\t\t\t\t\t\t\t<p>\u00a0Afegeix un element visual destacat que millori l\u00b4ambientaci\u00f3 de l\u00b4esdeveniment.<\/p>\t\t\t\t\t\t\t\t<\/div>\n\t\t\t\t<\/div>\n\t\t\t\t<\/div>\n\t\t<div class=\"elementor-element elementor-element-7900a63 e-con-full e-flex e-con e-child\" data-id=\"7900a63\" data-element_type=\"container\">\n\t\t\t\t<div class=\"elementor-element elementor-element-d7f8be1 elementor-widget elementor-widget-heading\" data-id=\"d7f8be1\" data-element_type=\"widget\" data-widget_type=\"heading.default\">\n\t\t\t\t<div class=\"elementor-widget-container\">\n\t\t\t\t\t<h2 class=\"elementor-heading-title elementor-size-default\">Fotocalls i \u00e0rees d&#039;interacci\u00f3<\/h2>\t\t\t\t<\/div>\n\t\t\t\t<\/div>\n\t\t\t\t<div class=\"elementor-element elementor-element-43aff9d elementor-widget elementor-widget-text-editor\" data-id=\"43aff9d\" data-element_type=\"widget\" data-widget_type=\"text-editor.default\">\n\t\t\t\t<div class=\"elementor-widget-container\">\n\t\t\t\t\t\t\t\t\t<p>Creeu punts d&#039;inter\u00e8s perfectes per capturar moments inoblidables.<\/p>\t\t\t\t\t\t\t\t<\/div>\n\t\t\t\t<\/div>\n\t\t\t\t<\/div>\n\t\t<div class=\"elementor-element elementor-element-0314152 e-con-full e-flex e-con e-child\" data-id=\"0314152\" data-element_type=\"container\">\n\t\t\t\t<div class=\"elementor-element elementor-element-52870a2 elementor-widget elementor-widget-heading\" data-id=\"52870a2\" data-element_type=\"widget\" data-widget_type=\"heading.default\">\n\t\t\t\t<div class=\"elementor-widget-container\">\n\t\t\t\t\t<h2 class=\"elementor-heading-title elementor-size-default\">Llan\u00e7aments de productes<\/h2>\t\t\t\t<\/div>\n\t\t\t\t<\/div>\n\t\t\t\t<div class=\"elementor-element elementor-element-c8c07d3 elementor-widget elementor-widget-text-editor\" data-id=\"c8c07d3\" data-element_type=\"widget\" data-widget_type=\"text-editor.default\">\n\t\t\t\t<div class=\"elementor-widget-container\">\n\t\t\t\t\t\t\t\t\t<p>\u00a0Presenta els teus productes amb r\u00e8pliques en 2D de grans dimensions que generin impacte.<\/p>\t\t\t\t\t\t\t\t<\/div>\n\t\t\t\t<\/div>\n\t\t\t\t<\/div>\n\t\t<div class=\"elementor-element elementor-element-05e9fd4 e-con-full e-flex e-con e-child\" data-id=\"05e9fd4\" data-element_type=\"container\">\n\t\t\t\t<div class=\"elementor-element elementor-element-ee7eb58 elementor-widget elementor-widget-heading\" data-id=\"ee7eb58\" data-element_type=\"widget\" data-widget_type=\"heading.default\">\n\t\t\t\t<div class=\"elementor-widget-container\">\n\t\t\t\t\t<h2 class=\"elementor-heading-title elementor-size-default\">Decoraci\u00f3 de botigues i aparadors<\/h2>\t\t\t\t<\/div>\n\t\t\t\t<\/div>\n\t\t\t\t<div class=\"elementor-element elementor-element-2ce9df8 elementor-widget elementor-widget-text-editor\" data-id=\"2ce9df8\" data-element_type=\"widget\" data-widget_type=\"text-editor.default\">\n\t\t\t\t<div class=\"elementor-widget-container\">\n\t\t\t\t\t\t\t\t\t<p>Millora la visibilitat de promocions i productes destacats.<\/p>\t\t\t\t\t\t\t\t<\/div>\n\t\t\t\t<\/div>\n\t\t\t\t<\/div>\n\t\t\t\t<\/div>\n\t\t\t\t<\/div>\n\t\t\t\t<\/div>\n\t\t\t\t\t<\/div>\n\t\t\t\t<\/div>\n\t\t\t\t<\/div>","protected":false},"excerpt":{"rendered":"<p>Figures en gran format 2d Figures en Gran Format en 2D: Impacte visual pels teus esdeveniments A All in One Service, oferim solucions creatives amb figures en gran format en 2D, dissenyades per captar l&#039;atenci\u00f3 i afegir un toc especial als teus esdeveniments. s\u00f3n perfectes per decorar escenaris, estands i \u00e0rees tem\u00e0tiques, [\u2026]<\/p>","protected":false},"author":1,"featured_media":0,"parent":0,"menu_order":0,"comment_status":"closed","ping_status":"closed","template":"","meta":{"footnotes":""},"class_list":["post-20","page","type-page","status-publish","hentry"],"yoast_head":"<!-- This site is optimized with the Yoast SEO plugin v24.6 - https:\/\/yoast.com\/wordpress\/plugins\/seo\/ -->\n<title>Figuras en gran formato en 2D - All In One Service<\/title>\n<meta name=\"robots\" content=\"index, follow, max-snippet:-1, max-image-preview:large, max-video-preview:-1\" \/>\n<link rel=\"canonical\" href=\"https:\/\/allinoneservice.es\/ca\/figuras-en-gran-formato-en-2d\/\" \/>\n<meta property=\"og:locale\" content=\"ca_ES\" \/>\n<meta property=\"og:type\" content=\"article\" \/>\n<meta property=\"og:title\" content=\"Figuras en gran formato en 2D - All In One Service\" \/>\n<meta property=\"og:description\" content=\"Figuras en gran formato 2d Figuras en Gran Formato en 2D: Impacto visual para tus eventos En All in One Service, ofrecemos soluciones creativas con figuras en gran formato en 2D, dise\u00f1adas para captar la atenci\u00f3n y a\u00f1adir un toque especial a tus eventos. Estas figuras son perfectas para decorar escenarios, stands y \u00e1reas tem\u00e1ticas, [&hellip;]\" \/>\n<meta property=\"og:url\" content=\"https:\/\/allinoneservice.es\/ca\/figuras-en-gran-formato-en-2d\/\" \/>\n<meta property=\"og:site_name\" content=\"All In One Service\" \/>\n<meta property=\"article:modified_time\" content=\"2024-11-25T15:17:08+00:00\" \/>\n<meta property=\"og:image\" content=\"https:\/\/allinoneservice.es\/wp-content\/uploads\/2024\/11\/IMG_2537-768x1024.webp\" \/>\n<meta name=\"twitter:card\" content=\"summary_large_image\" \/>\n<meta name=\"twitter:label1\" content=\"Temps estimat de lectura\" \/>\n\t<meta name=\"twitter:data1\" content=\"1 minut\" \/>\n<script type=\"application\/ld+json\" class=\"yoast-schema-graph\">{\"@context\":\"https:\/\/schema.org\",\"@graph\":[{\"@type\":\"WebPage\",\"@id\":\"https:\/\/allinoneservice.es\/figuras-en-gran-formato-en-2d\/\",\"url\":\"https:\/\/allinoneservice.es\/figuras-en-gran-formato-en-2d\/\",\"name\":\"Figuras en gran formato en 2D - All In One Service\",\"isPartOf\":{\"@id\":\"https:\/\/allinoneservice.es\/#website\"},\"primaryImageOfPage\":{\"@id\":\"https:\/\/allinoneservice.es\/figuras-en-gran-formato-en-2d\/#primaryimage\"},\"image\":{\"@id\":\"https:\/\/allinoneservice.es\/figuras-en-gran-formato-en-2d\/#primaryimage\"},\"thumbnailUrl\":\"https:\/\/allinoneservice.es\/wp-content\/uploads\/2024\/11\/IMG_2537-768x1024.webp\",\"datePublished\":\"2024-11-04T21:58:14+00:00\",\"dateModified\":\"2024-11-25T15:17:08+00:00\",\"breadcrumb\":{\"@id\":\"https:\/\/allinoneservice.es\/figuras-en-gran-formato-en-2d\/#breadcrumb\"},\"inLanguage\":\"ca\",\"potentialAction\":[{\"@type\":\"ReadAction\",\"target\":[\"https:\/\/allinoneservice.es\/figuras-en-gran-formato-en-2d\/\"]}]},{\"@type\":\"ImageObject\",\"inLanguage\":\"ca\",\"@id\":\"https:\/\/allinoneservice.es\/figuras-en-gran-formato-en-2d\/#primaryimage\",\"url\":\"https:\/\/allinoneservice.es\/wp-content\/uploads\/2024\/11\/IMG_2537-768x1024.webp\",\"contentUrl\":\"https:\/\/allinoneservice.es\/wp-content\/uploads\/2024\/11\/IMG_2537-768x1024.webp\"},{\"@type\":\"BreadcrumbList\",\"@id\":\"https:\/\/allinoneservice.es\/figuras-en-gran-formato-en-2d\/#breadcrumb\",\"itemListElement\":[{\"@type\":\"ListItem\",\"position\":1,\"name\":\"Portada\",\"item\":\"https:\/\/allinoneservice.es\/\"},{\"@type\":\"ListItem\",\"position\":2,\"name\":\"Figuras en gran formato en 2D\"}]},{\"@type\":\"WebSite\",\"@id\":\"https:\/\/allinoneservice.es\/#website\",\"url\":\"https:\/\/allinoneservice.es\/\",\"name\":\"Only one service\",\"description\":\"\",\"publisher\":{\"@id\":\"https:\/\/allinoneservice.es\/#organization\"},\"potentialAction\":[{\"@type\":\"SearchAction\",\"target\":{\"@type\":\"EntryPoint\",\"urlTemplate\":\"https:\/\/allinoneservice.es\/?s={search_term_string}\"},\"query-input\":{\"@type\":\"PropertyValueSpecification\",\"valueRequired\":true,\"valueName\":\"search_term_string\"}}],\"inLanguage\":\"ca\"},{\"@type\":\"Organization\",\"@id\":\"https:\/\/allinoneservice.es\/#organization\",\"name\":\"Only one service\",\"url\":\"https:\/\/allinoneservice.es\/\",\"logo\":{\"@type\":\"ImageObject\",\"inLanguage\":\"ca\",\"@id\":\"https:\/\/allinoneservice.es\/#\/schema\/logo\/image\/\",\"url\":\"https:\/\/allinoneservice.es\/wp-content\/uploads\/2024\/11\/2-e1732548222692.png\",\"contentUrl\":\"https:\/\/allinoneservice.es\/wp-content\/uploads\/2024\/11\/2-e1732548222692.png\",\"width\":1100,\"height\":278,\"caption\":\"Only one service\"},\"image\":{\"@id\":\"https:\/\/allinoneservice.es\/#\/schema\/logo\/image\/\"}}]}<\/script>\n<!-- \/ Yoast SEO plugin. -->","yoast_head_json":{"title":"Figuras en gran formato en 2D - All In One Service","robots":{"index":"index","follow":"follow","max-snippet":"max-snippet:-1","max-image-preview":"max-image-preview:large","max-video-preview":"max-video-preview:-1"},"canonical":"https:\/\/allinoneservice.es\/ca\/figuras-en-gran-formato-en-2d\/","og_locale":"ca_ES","og_type":"article","og_title":"Figuras en gran formato en 2D - All In One Service","og_description":"Figuras en gran formato 2d Figuras en Gran Formato en 2D: Impacto visual para tus eventos En All in One Service, ofrecemos soluciones creativas con figuras en gran formato en 2D, dise\u00f1adas para captar la atenci\u00f3n y a\u00f1adir un toque especial a tus eventos. Estas figuras son perfectas para decorar escenarios, stands y \u00e1reas tem\u00e1ticas, [&hellip;]","og_url":"https:\/\/allinoneservice.es\/ca\/figuras-en-gran-formato-en-2d\/","og_site_name":"All In One Service","article_modified_time":"2024-11-25T15:17:08+00:00","og_image":[{"url":"https:\/\/allinoneservice.es\/wp-content\/uploads\/2024\/11\/IMG_2537-768x1024.webp","type":"","width":"","height":""}],"twitter_card":"summary_large_image","twitter_misc":{"Temps estimat de lectura":"1 minut"},"schema":{"@context":"https:\/\/schema.org","@graph":[{"@type":"WebPage","@id":"https:\/\/allinoneservice.es\/figuras-en-gran-formato-en-2d\/","url":"https:\/\/allinoneservice.es\/figuras-en-gran-formato-en-2d\/","name":"Figuras en gran formato en 2D - All In One Service","isPartOf":{"@id":"https:\/\/allinoneservice.es\/#website"},"primaryImageOfPage":{"@id":"https:\/\/allinoneservice.es\/figuras-en-gran-formato-en-2d\/#primaryimage"},"image":{"@id":"https:\/\/allinoneservice.es\/figuras-en-gran-formato-en-2d\/#primaryimage"},"thumbnailUrl":"https:\/\/allinoneservice.es\/wp-content\/uploads\/2024\/11\/IMG_2537-768x1024.webp","datePublished":"2024-11-04T21:58:14+00:00","dateModified":"2024-11-25T15:17:08+00:00","breadcrumb":{"@id":"https:\/\/allinoneservice.es\/figuras-en-gran-formato-en-2d\/#breadcrumb"},"inLanguage":"ca","potentialAction":[{"@type":"ReadAction","target":["https:\/\/allinoneservice.es\/figuras-en-gran-formato-en-2d\/"]}]},{"@type":"ImageObject","inLanguage":"ca","@id":"https:\/\/allinoneservice.es\/figuras-en-gran-formato-en-2d\/#primaryimage","url":"https:\/\/allinoneservice.es\/wp-content\/uploads\/2024\/11\/IMG_2537-768x1024.webp","contentUrl":"https:\/\/allinoneservice.es\/wp-content\/uploads\/2024\/11\/IMG_2537-768x1024.webp"},{"@type":"BreadcrumbList","@id":"https:\/\/allinoneservice.es\/figuras-en-gran-formato-en-2d\/#breadcrumb","itemListElement":[{"@type":"ListItem","position":1,"name":"Portada","item":"https:\/\/allinoneservice.es\/"},{"@type":"ListItem","position":2,"name":"Figuras en gran formato en 2D"}]},{"@type":"WebSite","@id":"https:\/\/allinoneservice.es\/#website","url":"https:\/\/allinoneservice.es\/","name":"Only one service","description":"","publisher":{"@id":"https:\/\/allinoneservice.es\/#organization"},"potentialAction":[{"@type":"SearchAction","target":{"@type":"EntryPoint","urlTemplate":"https:\/\/allinoneservice.es\/?s={search_term_string}"},"query-input":{"@type":"PropertyValueSpecification","valueRequired":true,"valueName":"search_term_string"}}],"inLanguage":"ca"},{"@type":"Organization","@id":"https:\/\/allinoneservice.es\/#organization","name":"Only one service","url":"https:\/\/allinoneservice.es\/","logo":{"@type":"ImageObject","inLanguage":"ca","@id":"https:\/\/allinoneservice.es\/#\/schema\/logo\/image\/","url":"https:\/\/allinoneservice.es\/wp-content\/uploads\/2024\/11\/2-e1732548222692.png","contentUrl":"https:\/\/allinoneservice.es\/wp-content\/uploads\/2024\/11\/2-e1732548222692.png","width":1100,"height":278,"caption":"Only one service"},"image":{"@id":"https:\/\/allinoneservice.es\/#\/schema\/logo\/image\/"}}]}},"_links":{"self":[{"href":"https:\/\/allinoneservice.es\/ca\/wp-json\/wp\/v2\/pages\/20","targetHints":{"allow":["GET"]}}],"collection":[{"href":"https:\/\/allinoneservice.es\/ca\/wp-json\/wp\/v2\/pages"}],"about":[{"href":"https:\/\/allinoneservice.es\/ca\/wp-json\/wp\/v2\/types\/page"}],"author":[{"embeddable":true,"href":"https:\/\/allinoneservice.es\/ca\/wp-json\/wp\/v2\/users\/1"}],"replies":[{"embeddable":true,"href":"https:\/\/allinoneservice.es\/ca\/wp-json\/wp\/v2\/comments?post=20"}],"version-history":[{"count":37,"href":"https:\/\/allinoneservice.es\/ca\/wp-json\/wp\/v2\/pages\/20\/revisions"}],"predecessor-version":[{"id":591,"href":"https:\/\/allinoneservice.es\/ca\/wp-json\/wp\/v2\/pages\/20\/revisions\/591"}],"wp:attachment":[{"href":"https:\/\/allinoneservice.es\/ca\/wp-json\/wp\/v2\/media?parent=20"}],"curies":[{"name":"wp","href":"https:\/\/api.w.org\/{rel}","templated":true}]}}