{"id":34,"date":"2024-11-04T21:59:58","date_gmt":"2024-11-04T21:59:58","guid":{"rendered":"https:\/\/allinoneservice.es\/?page_id=34"},"modified":"2024-11-11T17:37:39","modified_gmt":"2024-11-11T17:37:39","slug":"politica-de-privacidad","status":"publish","type":"page","link":"https:\/\/allinoneservice.es\/ca\/politica-de-privacidad\/","title":{"rendered":"Pol\u00edtica de Privadesa"},"content":{"rendered":"<div data-elementor-type=\"wp-page\" data-elementor-id=\"34\" class=\"elementor elementor-34\" data-elementor-post-type=\"page\">\n\t\t\t\t<div class=\"elementor-element elementor-element-48a9d13d e-flex e-con-boxed e-con e-parent\" data-id=\"48a9d13d\" data-element_type=\"container\" data-settings=\"{&quot;background_background&quot;:&quot;classic&quot;}\">\n\t\t\t\t\t<div class=\"e-con-inner\">\n\t\t\t\t<div class=\"elementor-element elementor-element-3d6f9f9e elementor-widget elementor-widget-heading\" data-id=\"3d6f9f9e\" data-element_type=\"widget\" data-widget_type=\"heading.default\">\n\t\t\t\t<div class=\"elementor-widget-container\">\n\t\t\t\t\t<h1 class=\"elementor-heading-title elementor-size-default\">Pol\u00edtica de Privadesa<\/h1>\t\t\t\t<\/div>\n\t\t\t\t<\/div>\n\t\t\t\t\t<\/div>\n\t\t\t\t<\/div>\n\t\t<div class=\"elementor-element elementor-element-e73e782 e-flex e-con-boxed e-con e-parent\" data-id=\"e73e782\" data-element_type=\"container\">\n\t\t\t\t\t<div class=\"e-con-inner\">\n\t\t<div class=\"elementor-element elementor-element-4bd8222e e-con-full e-flex e-con e-child\" data-id=\"4bd8222e\" data-element_type=\"container\">\n\t\t<div class=\"elementor-element elementor-element-5f3f0efc e-con-full e-flex e-con e-child\" data-id=\"5f3f0efc\" data-element_type=\"container\" data-settings=\"{&quot;sticky&quot;:&quot;top&quot;,&quot;sticky_parent&quot;:&quot;yes&quot;,&quot;sticky_offset&quot;:150,&quot;sticky_on&quot;:[&quot;desktop&quot;,&quot;tablet&quot;,&quot;mobile&quot;],&quot;sticky_effects_offset&quot;:0,&quot;sticky_anchor_link_offset&quot;:0}\">\n\t\t\t\t<div class=\"elementor-element elementor-element-428eabeb elementor-widget elementor-widget-heading\" data-id=\"428eabeb\" data-element_type=\"widget\" data-widget_type=\"heading.default\">\n\t\t\t\t<div class=\"elementor-widget-container\">\n\t\t\t\t\t<div class=\"elementor-heading-title elementor-size-default\"><a href=\"https:\/\/allinoneservice.es\/ca\/aviso-legal\/\">Av\u00eds Legal<\/a><\/div>\t\t\t\t<\/div>\n\t\t\t\t<\/div>\n\t\t\t\t<div class=\"elementor-element elementor-element-65d43bbd elementor-widget elementor-widget-heading\" data-id=\"65d43bbd\" data-element_type=\"widget\" data-widget_type=\"heading.default\">\n\t\t\t\t<div class=\"elementor-widget-container\">\n\t\t\t\t\t<div class=\"elementor-heading-title elementor-size-default\">Pol\u00edtica de Privadesa<\/div>\t\t\t\t<\/div>\n\t\t\t\t<\/div>\n\t\t\t\t<div class=\"elementor-element elementor-element-6dc6d1d0 elementor-widget elementor-widget-heading\" data-id=\"6dc6d1d0\" data-element_type=\"widget\" data-widget_type=\"heading.default\">\n\t\t\t\t<div class=\"elementor-widget-container\">\n\t\t\t\t\t<div class=\"elementor-heading-title elementor-size-default\"><a href=\"https:\/\/allinoneservice.es\/ca\/politica-de-cookies\/\">Pol\u00edtica de Cookies<\/a><\/div>\t\t\t\t<\/div>\n\t\t\t\t<\/div>\n\t\t\t\t<div class=\"elementor-element elementor-element-52157537 elementor-widget elementor-widget-heading\" data-id=\"52157537\" data-element_type=\"widget\" data-widget_type=\"heading.default\">\n\t\t\t\t<div class=\"elementor-widget-container\">\n\t\t\t\t\t<div class=\"elementor-heading-title elementor-size-default\"><a href=\"https:\/\/allinoneservice.es\/ca\/declaracion-de-accesibilidad\/\">Declaraci\u00f3 d&#039;accessibilitat<\/a><\/div>\t\t\t\t<\/div>\n\t\t\t\t<\/div>\n\t\t\t\t<\/div>\n\t\t\t\t<\/div>\n\t\t<div class=\"elementor-element elementor-element-30f6c3b3 e-flex e-con-boxed e-con e-child\" data-id=\"30f6c3b3\" data-element_type=\"container\">\n\t\t\t\t\t<div class=\"e-con-inner\">\n\t\t\t\t<div class=\"elementor-element elementor-element-3df80a98 elementor-widget elementor-widget-text-editor\" data-id=\"3df80a98\" data-element_type=\"widget\" data-widget_type=\"text-editor.default\">\n\t\t\t\t<div class=\"elementor-widget-container\">\n\t\t\t\t\t\t\t\t\t<h2>1.- Informaci\u00f3 a l&#039;usuari<\/h2>\n<p>El lloc web informa els usuaris del lloc web sobre la seva pol\u00edtica respecte al tractament i la protecci\u00f3 de les dades de car\u00e0cter personal dels usuaris i clients que puguin ser sol\u00b7licitats per la navegaci\u00f3 a trav\u00e9s del seu lloc web.<\/p>\n<p>El lloc web \u00e9s el Responsable del tractament de les dades personals de l&#039;usuari, per la qual cosa se us facilita la seg\u00fcent informaci\u00f3 referent al tractament de les vostres dades:<\/p>\n<p><strong>Criteris de conservaci\u00f3 de les dades<\/strong>&nbsp;: Les dades personals proporcionades es conservaran fins que no se sol\u00b7liciti la suspensi\u00f3 per part de l&#039;interessat, exercint els seus drets sobre les dades, i en qualsevol cas en compliment de terminis legals de prescripci\u00f3 que li siguin aplicables.<\/p>\n<p><strong>Drets dels interessats<\/strong>&nbsp;:<\/p>\n<ul>\n<li>Dret a retirar-ne el consentiment en qualsevol moment.<\/li>\n<li>Dret d&#039;acc\u00e9s, rectificaci\u00f3, supressi\u00f3, portabilitat de les vostres dades ia la limitaci\u00f3 o oposici\u00f3 del vostre tractament, aix\u00ed com no ser objecte de decisions individuals automatitzades.<\/li>\n<\/ul>\n<p><strong>Dades de contacte per exercir els vostres drets<\/strong>&nbsp;:<\/p>\n<p>Cal identificar degudament i sol\u00b7licitar clarament el dret dexercir.<\/p>\n<ul>\n<li><span style=\"background-color: transparent; text-align: var(--text-align);\"><li style=\"\">Web: www.onlyoneservice.com<\/li><li style=\"\">Nom: MART\u00cdN ALEJANDRO NIETO MART\u00cdN<\/li><li style=\"\">NIF: 46181000J<\/li><li style=\"\">Adre\u00e7a: Lepant 45, 08191 Rub\u00ed (Barcelona)<\/li><li style=\"\">Tel\u00e8fon: 638576964<\/li><li style=\"\">Mail: martin@montajesgraficos.es<\/li><font color=\"rgba(0, 0, 0, 0)\" face=\"var( --e-global-typography-text-font-family ), Sans-serif\"><span style=\"font-weight: var( --e-global-typography-text-font-weight );\">&nbsp;<\/span><\/font><\/span><\/li>\n<\/ul>\n<h2>2.- Informaci\u00f3 facilitada per l&#039;usuari<\/h2>\n<p>Si \u00e9s menor de 18 anys no es permet l&#039;\u00fas de formularis a la nostra web.<\/p>\n<p>Els Usuaris, introduint les seves dades als formularis de contacte o presentats en formularis de desc\u00e0rrega, accepten expressament i de forma lliure i inequ\u00edvoca, que les seves dades s\u00f3n necess\u00e0ries per atendre la seva petici\u00f3, per part del Responsable, sent volunt\u00e0ria la inclusi\u00f3 de dades als camps restants.<\/p>\n<p>L&#039;Usuari garanteix que les dades personals facilitades s\u00f3n veraces i es fa responsable de comunicar qualsevol modificaci\u00f3.<\/p>\n<p>Totes les dades sol\u00b7licitades a trav\u00e9s del lloc web s\u00f3n necess\u00e0ries per prestar un servei \u00f2ptim a l&#039;Usuari. .<\/p>\n<h2>3.- Mesures de seguretat<\/h2>\n<p>Que de conformitat amb el que disposen les normatives vigents en mat\u00e8ria de protecci\u00f3 de dades personals, El Responsable est\u00e0 complint totes les disposicions de les normatives RGPD i LOPD per al tractament de les dades personals de la seva responsabilitat, les quals s\u00f3n tractades de forma l\u00edcita , lleial i transparent en relaci\u00f3 amb linteressat i adequats, pertinents i limitats al necessari en relaci\u00f3 amb els fins per als quals s\u00f3n tractats.<\/p>\n<p>El Responsable garanteix que ha implementat pol\u00edtiques t\u00e8cniques i organitzatives apropiades per aplicar les mesures de seguretat que estableixen el RGPD i la LOPD per protegir els drets i les llibertats dels Usuaris i els ha comunicat la informaci\u00f3 adequada perqu\u00e8 puguin exercir-los.<\/p>\n<h2>4.- Bretxes de seguretat<\/h2>\n<p>El Responsable informar\u00e0 sobre qualsevol bretxa de seguretat que afecti la base de dades que utilitza aquest lloc web, o que afecti qualsevol dels nostres serveis de tercers, totes i cadascuna de les persones, dades de qu\u00e8 puguin haver estat afectats, i autoritats, dins de les 72 hores seg\u00fcents a la detecci\u00f3 de la bretxa.<\/p>\n<h2>Legislaci\u00f3 aplicable i jurisdicci\u00f3<\/h2>\n<p>Per a la resoluci\u00f3 de totes les controv\u00e8rsies o q\u00fcestions relacionades amb aquest lloc web o de les activitats que es desenvolupin, ser\u00e0 aplicable la legislaci\u00f3 espanyola, a la qual se sotmeten expressament les parts, sent competents per a la resoluci\u00f3 de tots els conflictes derivats o relacionats amb l&#039;\u00fas dels jutjats i els tribunals de Barcelona.<\/p>\t\t\t\t\t\t\t\t<\/div>\n\t\t\t\t<\/div>\n\t\t\t\t\t<\/div>\n\t\t\t\t<\/div>\n\t\t\t\t\t<\/div>\n\t\t\t\t<\/div>\n\t\t\t\t<\/div>","protected":false},"excerpt":{"rendered":"<p>Pol\u00edtica de Privacidad Aviso Legal Pol\u00edtica de Privacidad Pol\u00edtica de Cookies Declaraci\u00f3n de Accesibilidad 1.- Informaci\u00f3n al usuario El sitio web informa a los usuarios del sitio web sobre su pol\u00edtica respecto al tratamiento y protecci\u00f3n de los datos de car\u00e1cter personal de los usuarios y clientes que puedan ser solicitados por la navegaci\u00f3n a [&hellip;]<\/p>","protected":false},"author":1,"featured_media":0,"parent":0,"menu_order":0,"comment_status":"closed","ping_status":"closed","template":"","meta":{"footnotes":""},"class_list":["post-34","page","type-page","status-publish","hentry"],"yoast_head":"<!-- This site is optimized with the Yoast SEO plugin v24.6 - https:\/\/yoast.com\/wordpress\/plugins\/seo\/ -->\n<title>Pol\u00edtica de Privacidad - All In One Service<\/title>\n<meta name=\"robots\" content=\"index, follow, max-snippet:-1, max-image-preview:large, max-video-preview:-1\" \/>\n<link rel=\"canonical\" href=\"https:\/\/allinoneservice.es\/ca\/politica-de-privacidad\/\" \/>\n<meta property=\"og:locale\" content=\"ca_ES\" \/>\n<meta property=\"og:type\" content=\"article\" \/>\n<meta property=\"og:title\" content=\"Pol\u00edtica de Privacidad - All In One Service\" \/>\n<meta property=\"og:description\" content=\"Pol\u00edtica de Privacidad Aviso Legal Pol\u00edtica de Privacidad Pol\u00edtica de Cookies Declaraci\u00f3n de Accesibilidad 1.- Informaci\u00f3n al usuario El sitio web informa a los usuarios del sitio web sobre su pol\u00edtica respecto al tratamiento y protecci\u00f3n de los datos de car\u00e1cter personal de los usuarios y clientes que puedan ser solicitados por la navegaci\u00f3n a [&hellip;]\" \/>\n<meta property=\"og:url\" content=\"https:\/\/allinoneservice.es\/ca\/politica-de-privacidad\/\" \/>\n<meta property=\"og:site_name\" content=\"All In One Service\" \/>\n<meta property=\"article:modified_time\" content=\"2024-11-11T17:37:39+00:00\" \/>\n<meta name=\"twitter:card\" content=\"summary_large_image\" \/>\n<meta name=\"twitter:label1\" content=\"Temps estimat de lectura\" \/>\n\t<meta name=\"twitter:data1\" content=\"3 minuts\" \/>\n<script type=\"application\/ld+json\" class=\"yoast-schema-graph\">{\"@context\":\"https:\/\/schema.org\",\"@graph\":[{\"@type\":\"WebPage\",\"@id\":\"https:\/\/allinoneservice.es\/politica-de-privacidad\/\",\"url\":\"https:\/\/allinoneservice.es\/politica-de-privacidad\/\",\"name\":\"Pol\u00edtica de Privacidad - All In One Service\",\"isPartOf\":{\"@id\":\"https:\/\/allinoneservice.es\/#website\"},\"datePublished\":\"2024-11-04T21:59:58+00:00\",\"dateModified\":\"2024-11-11T17:37:39+00:00\",\"breadcrumb\":{\"@id\":\"https:\/\/allinoneservice.es\/politica-de-privacidad\/#breadcrumb\"},\"inLanguage\":\"ca\",\"potentialAction\":[{\"@type\":\"ReadAction\",\"target\":[\"https:\/\/allinoneservice.es\/politica-de-privacidad\/\"]}]},{\"@type\":\"BreadcrumbList\",\"@id\":\"https:\/\/allinoneservice.es\/politica-de-privacidad\/#breadcrumb\",\"itemListElement\":[{\"@type\":\"ListItem\",\"position\":1,\"name\":\"Portada\",\"item\":\"https:\/\/allinoneservice.es\/\"},{\"@type\":\"ListItem\",\"position\":2,\"name\":\"Pol\u00edtica de Privacidad\"}]},{\"@type\":\"WebSite\",\"@id\":\"https:\/\/allinoneservice.es\/#website\",\"url\":\"https:\/\/allinoneservice.es\/\",\"name\":\"Only one service\",\"description\":\"\",\"publisher\":{\"@id\":\"https:\/\/allinoneservice.es\/#organization\"},\"potentialAction\":[{\"@type\":\"SearchAction\",\"target\":{\"@type\":\"EntryPoint\",\"urlTemplate\":\"https:\/\/allinoneservice.es\/?s={search_term_string}\"},\"query-input\":{\"@type\":\"PropertyValueSpecification\",\"valueRequired\":true,\"valueName\":\"search_term_string\"}}],\"inLanguage\":\"ca\"},{\"@type\":\"Organization\",\"@id\":\"https:\/\/allinoneservice.es\/#organization\",\"name\":\"Only one service\",\"url\":\"https:\/\/allinoneservice.es\/\",\"logo\":{\"@type\":\"ImageObject\",\"inLanguage\":\"ca\",\"@id\":\"https:\/\/allinoneservice.es\/#\/schema\/logo\/image\/\",\"url\":\"https:\/\/allinoneservice.es\/wp-content\/uploads\/2024\/11\/2-e1732548222692.png\",\"contentUrl\":\"https:\/\/allinoneservice.es\/wp-content\/uploads\/2024\/11\/2-e1732548222692.png\",\"width\":1100,\"height\":278,\"caption\":\"Only one service\"},\"image\":{\"@id\":\"https:\/\/allinoneservice.es\/#\/schema\/logo\/image\/\"}}]}<\/script>\n<!-- \/ Yoast SEO plugin. -->","yoast_head_json":{"title":"Pol\u00edtica de Privacidad - All In One Service","robots":{"index":"index","follow":"follow","max-snippet":"max-snippet:-1","max-image-preview":"max-image-preview:large","max-video-preview":"max-video-preview:-1"},"canonical":"https:\/\/allinoneservice.es\/ca\/politica-de-privacidad\/","og_locale":"ca_ES","og_type":"article","og_title":"Pol\u00edtica de Privacidad - All In One Service","og_description":"Pol\u00edtica de Privacidad Aviso Legal Pol\u00edtica de Privacidad Pol\u00edtica de Cookies Declaraci\u00f3n de Accesibilidad 1.- Informaci\u00f3n al usuario El sitio web informa a los usuarios del sitio web sobre su pol\u00edtica respecto al tratamiento y protecci\u00f3n de los datos de car\u00e1cter personal de los usuarios y clientes que puedan ser solicitados por la navegaci\u00f3n a [&hellip;]","og_url":"https:\/\/allinoneservice.es\/ca\/politica-de-privacidad\/","og_site_name":"All In One Service","article_modified_time":"2024-11-11T17:37:39+00:00","twitter_card":"summary_large_image","twitter_misc":{"Temps estimat de lectura":"3 minuts"},"schema":{"@context":"https:\/\/schema.org","@graph":[{"@type":"WebPage","@id":"https:\/\/allinoneservice.es\/politica-de-privacidad\/","url":"https:\/\/allinoneservice.es\/politica-de-privacidad\/","name":"Pol\u00edtica de Privacidad - All In One Service","isPartOf":{"@id":"https:\/\/allinoneservice.es\/#website"},"datePublished":"2024-11-04T21:59:58+00:00","dateModified":"2024-11-11T17:37:39+00:00","breadcrumb":{"@id":"https:\/\/allinoneservice.es\/politica-de-privacidad\/#breadcrumb"},"inLanguage":"ca","potentialAction":[{"@type":"ReadAction","target":["https:\/\/allinoneservice.es\/politica-de-privacidad\/"]}]},{"@type":"BreadcrumbList","@id":"https:\/\/allinoneservice.es\/politica-de-privacidad\/#breadcrumb","itemListElement":[{"@type":"ListItem","position":1,"name":"Portada","item":"https:\/\/allinoneservice.es\/"},{"@type":"ListItem","position":2,"name":"Pol\u00edtica de Privacidad"}]},{"@type":"WebSite","@id":"https:\/\/allinoneservice.es\/#website","url":"https:\/\/allinoneservice.es\/","name":"Only one service","description":"","publisher":{"@id":"https:\/\/allinoneservice.es\/#organization"},"potentialAction":[{"@type":"SearchAction","target":{"@type":"EntryPoint","urlTemplate":"https:\/\/allinoneservice.es\/?s={search_term_string}"},"query-input":{"@type":"PropertyValueSpecification","valueRequired":true,"valueName":"search_term_string"}}],"inLanguage":"ca"},{"@type":"Organization","@id":"https:\/\/allinoneservice.es\/#organization","name":"Only one service","url":"https:\/\/allinoneservice.es\/","logo":{"@type":"ImageObject","inLanguage":"ca","@id":"https:\/\/allinoneservice.es\/#\/schema\/logo\/image\/","url":"https:\/\/allinoneservice.es\/wp-content\/uploads\/2024\/11\/2-e1732548222692.png","contentUrl":"https:\/\/allinoneservice.es\/wp-content\/uploads\/2024\/11\/2-e1732548222692.png","width":1100,"height":278,"caption":"Only one service"},"image":{"@id":"https:\/\/allinoneservice.es\/#\/schema\/logo\/image\/"}}]}},"_links":{"self":[{"href":"https:\/\/allinoneservice.es\/ca\/wp-json\/wp\/v2\/pages\/34","targetHints":{"allow":["GET"]}}],"collection":[{"href":"https:\/\/allinoneservice.es\/ca\/wp-json\/wp\/v2\/pages"}],"about":[{"href":"https:\/\/allinoneservice.es\/ca\/wp-json\/wp\/v2\/types\/page"}],"author":[{"embeddable":true,"href":"https:\/\/allinoneservice.es\/ca\/wp-json\/wp\/v2\/users\/1"}],"replies":[{"embeddable":true,"href":"https:\/\/allinoneservice.es\/ca\/wp-json\/wp\/v2\/comments?post=34"}],"version-history":[{"count":10,"href":"https:\/\/allinoneservice.es\/ca\/wp-json\/wp\/v2\/pages\/34\/revisions"}],"predecessor-version":[{"id":456,"href":"https:\/\/allinoneservice.es\/ca\/wp-json\/wp\/v2\/pages\/34\/revisions\/456"}],"wp:attachment":[{"href":"https:\/\/allinoneservice.es\/ca\/wp-json\/wp\/v2\/media?parent=34"}],"curies":[{"name":"wp","href":"https:\/\/api.w.org\/{rel}","templated":true}]}}