{"id":605,"date":"2024-12-03T08:52:50","date_gmt":"2024-12-03T08:52:50","guid":{"rendered":"https:\/\/allinoneservice.es\/?page_id=605"},"modified":"2024-12-03T08:54:13","modified_gmt":"2024-12-03T08:54:13","slug":"audiovisuales","status":"publish","type":"page","link":"https:\/\/allinoneservice.es\/ca\/audiovisuales\/","title":{"rendered":"Audiovisuals"},"content":{"rendered":"<div data-elementor-type=\"wp-page\" data-elementor-id=\"605\" class=\"elementor elementor-605\" data-elementor-post-type=\"page\">\n\t\t\t\t<div class=\"elementor-element elementor-element-829146e e-flex e-con-boxed e-con e-parent\" data-id=\"829146e\" data-element_type=\"container\" data-settings=\"{&quot;background_background&quot;:&quot;classic&quot;}\">\n\t\t\t\t\t<div class=\"e-con-inner\">\n\t\t\t\t<div class=\"elementor-element elementor-element-d7cae86 elementor-widget__width-initial elementor-widget elementor-widget-heading\" data-id=\"d7cae86\" data-element_type=\"widget\" data-widget_type=\"heading.default\">\n\t\t\t\t<div class=\"elementor-widget-container\">\n\t\t\t\t\t<h1 class=\"elementor-heading-title elementor-size-default\">AudioVisuals<\/h1>\t\t\t\t<\/div>\n\t\t\t\t<\/div>\n\t\t\t\t\t<\/div>\n\t\t\t\t<\/div>\n\t\t<div class=\"elementor-element elementor-element-ec9b060 e-flex e-con-boxed e-con e-parent\" data-id=\"ec9b060\" data-element_type=\"container\" data-settings=\"{&quot;background_background&quot;:&quot;classic&quot;,&quot;shape_divider_bottom&quot;:&quot;waves&quot;}\">\n\t\t\t\t\t<div class=\"e-con-inner\">\n\t\t\t\t<div class=\"elementor-shape elementor-shape-bottom\" data-negative=\"false\">\n\t\t\t<svg xmlns=\"http:\/\/www.w3.org\/2000\/svg\" viewbox=\"0 0 1000 100\" preserveaspectratio=\"none\">\n\t<path class=\"elementor-shape-fill\" d=\"M421.9,6.5c22.6-2.5,51.5,0.4,75.5,5.3c23.6,4.9,70.9,23.5,100.5,35.7c75.8,32.2,133.7,44.5,192.6,49.7\tc23.6,2.1,48.7,3.5,103.4-2.5c54.7-6,106.2-25.6,106.2-25.6V0H0v30.3c0,0,72,32.6,158.4,30.5c39.2-0.7,92.8-6.7,134-22.4\tc21.2-8.1,52.2-18.2,79.7-24.2C399.3,7.9,411.6,7.5,421.9,6.5z\"\/>\n<\/svg>\t\t<\/div>\n\t\t<div class=\"elementor-element elementor-element-8e8cdd4 e-con-full e-flex elementor-invisible e-con e-child\" data-id=\"8e8cdd4\" data-element_type=\"container\" data-settings=\"{&quot;animation&quot;:&quot;fadeIn&quot;}\">\n\t\t<div class=\"elementor-element elementor-element-61b7fa0 e-con-full e-flex e-con e-child\" data-id=\"61b7fa0\" data-element_type=\"container\">\n\t\t\t\t<div class=\"elementor-element elementor-element-84bf62d elementor-widget elementor-widget-heading\" data-id=\"84bf62d\" data-element_type=\"widget\" data-widget_type=\"heading.default\">\n\t\t\t\t<div class=\"elementor-widget-container\">\n\t\t\t\t\t<h2 class=\"elementor-heading-title elementor-size-default\">Converteix les teves idees en experi\u00e8ncies visuals impactants<\/h2>\t\t\t\t<\/div>\n\t\t\t\t<\/div>\n\t\t\t\t<div class=\"elementor-element elementor-element-6a3d391 elementor-widget elementor-widget-text-editor\" data-id=\"6a3d391\" data-element_type=\"widget\" data-widget_type=\"text-editor.default\">\n\t\t\t\t<div class=\"elementor-widget-container\">\n\t\t\t\t\t\t\t\t\t<p>A <strong>OnlyOneService<\/strong>, potenciem la teva comunicaci\u00f3 amb solucions audiovisuals dissenyades per destacar. El nostre equip de professionals combina creativitat, t\u00e8cnica i tecnologia de darrera generaci\u00f3 per produir continguts \u00fanics que connectin amb la teva audi\u00e8ncia i reflecteixin l&#039;ess\u00e8ncia de la teva marca.<\/p><p>Ja sigui per a campanyes publicit\u00e0ries, v\u00eddeos corporatius o contingut digital, els nostres serveis s&#039;adapten a les vostres necessitats i objectius.<\/p>\t\t\t\t\t\t\t\t<\/div>\n\t\t\t\t<\/div>\n\t\t\t\t<\/div>\n\t\t\t\t<div class=\"elementor-element elementor-element-d7674e7 elementor-widget__width-initial elementor-widget elementor-widget-image\" data-id=\"d7674e7\" data-element_type=\"widget\" data-widget_type=\"image.default\">\n\t\t\t\t<div class=\"elementor-widget-container\">\n\t\t\t\t\t\t\t\t\t\t\t\t\t\t\t<img fetchpriority=\"high\" decoding=\"async\" width=\"800\" height=\"450\" src=\"https:\/\/allinoneservice.es\/wp-content\/uploads\/2024\/12\/carteleria3-1024x576.jpg\" class=\"attachment-large size-large wp-image-611\" alt=\"\" srcset=\"https:\/\/allinoneservice.es\/wp-content\/uploads\/2024\/12\/carteleria3-1024x576.jpg 1024w, https:\/\/allinoneservice.es\/wp-content\/uploads\/2024\/12\/carteleria3-300x169.jpg 300w, https:\/\/allinoneservice.es\/wp-content\/uploads\/2024\/12\/carteleria3-768x432.jpg 768w, https:\/\/allinoneservice.es\/wp-content\/uploads\/2024\/12\/carteleria3-1536x864.jpg 1536w, https:\/\/allinoneservice.es\/wp-content\/uploads\/2024\/12\/carteleria3.jpg 1920w\" sizes=\"(max-width: 800px) 100vw, 800px\" \/>\t\t\t\t\t\t\t\t\t\t\t\t\t\t\t<\/div>\n\t\t\t\t<\/div>\n\t\t\t\t<\/div>\n\t\t\t\t\t<\/div>\n\t\t\t\t<\/div>\n\t\t<div class=\"elementor-element elementor-element-f10fb92 e-flex e-con-boxed e-con e-parent\" data-id=\"f10fb92\" data-element_type=\"container\" data-settings=\"{&quot;background_background&quot;:&quot;classic&quot;}\">\n\t\t\t\t\t<div class=\"e-con-inner\">\n\t\t<div class=\"elementor-element elementor-element-f8d0e9d e-con-full e-flex e-con e-child\" data-id=\"f8d0e9d\" data-element_type=\"container\" data-settings=\"{&quot;background_background&quot;:&quot;classic&quot;}\">\n\t\t<div class=\"elementor-element elementor-element-bf50f76 e-con-full e-flex e-con e-child\" data-id=\"bf50f76\" data-element_type=\"container\" data-settings=\"{&quot;background_background&quot;:&quot;classic&quot;}\">\n\t\t\t\t<div class=\"elementor-element elementor-element-86f11d8 elementor-widget elementor-widget-heading\" data-id=\"86f11d8\" data-element_type=\"widget\" data-widget_type=\"heading.default\">\n\t\t\t\t<div class=\"elementor-widget-container\">\n\t\t\t\t\t<h3 class=\"elementor-heading-title elementor-size-default\">Diferents tipus de serveis audiovisuals per a cada projecte<\/h3>\t\t\t\t<\/div>\n\t\t\t\t<\/div>\n\t\t<div class=\"elementor-element elementor-element-5926c8f e-con-full e-flex e-con e-child\" data-id=\"5926c8f\" data-element_type=\"container\">\n\t\t<div class=\"elementor-element elementor-element-37a2c04 e-con-full e-flex e-con e-child\" data-id=\"37a2c04\" data-element_type=\"container\">\n\t\t<div class=\"elementor-element elementor-element-2242de0 e-con-full e-flex e-con e-child\" data-id=\"2242de0\" data-element_type=\"container\" data-settings=\"{&quot;background_background&quot;:&quot;classic&quot;}\">\n\t\t\t\t<\/div>\n\t\t\t\t<div class=\"elementor-element elementor-element-7656789 elementor-widget elementor-widget-heading\" data-id=\"7656789\" data-element_type=\"widget\" data-widget_type=\"heading.default\">\n\t\t\t\t<div class=\"elementor-widget-container\">\n\t\t\t\t\t<h2 class=\"elementor-heading-title elementor-size-default\">Producci\u00f3 de v\u00eddeos corporatius<\/h2>\t\t\t\t<\/div>\n\t\t\t\t<\/div>\n\t\t\t\t<div class=\"elementor-element elementor-element-bd9eaa8 elementor-widget elementor-widget-text-editor\" data-id=\"bd9eaa8\" data-element_type=\"widget\" data-widget_type=\"text-editor.default\">\n\t\t\t\t<div class=\"elementor-widget-container\">\n\t\t\t\t\t\t\t\t\t<p>Presenta la teva empresa al m\u00f3n amb v\u00eddeos que reflecteixen professionalisme, identitat i valors \u00fanics.<\/p>\t\t\t\t\t\t\t\t<\/div>\n\t\t\t\t<\/div>\n\t\t\t\t<\/div>\n\t\t<div class=\"elementor-element elementor-element-1cacc8f e-con-full e-flex e-con e-child\" data-id=\"1cacc8f\" data-element_type=\"container\">\n\t\t<div class=\"elementor-element elementor-element-aef787b e-con-full e-flex e-con e-child\" data-id=\"aef787b\" data-element_type=\"container\" data-settings=\"{&quot;background_background&quot;:&quot;classic&quot;}\">\n\t\t\t\t<\/div>\n\t\t\t\t<div class=\"elementor-element elementor-element-ce40c8f elementor-widget elementor-widget-heading\" data-id=\"ce40c8f\" data-element_type=\"widget\" data-widget_type=\"heading.default\">\n\t\t\t\t<div class=\"elementor-widget-container\">\n\t\t\t\t\t<h2 class=\"elementor-heading-title elementor-size-default\">Cobertura d&#039;esdeveniments<\/h2>\t\t\t\t<\/div>\n\t\t\t\t<\/div>\n\t\t\t\t<div class=\"elementor-element elementor-element-2950d83 elementor-widget elementor-widget-text-editor\" data-id=\"2950d83\" data-element_type=\"widget\" data-widget_type=\"text-editor.default\">\n\t\t\t\t<div class=\"elementor-widget-container\">\n\t\t\t\t\t\t\t\t\t<p>Documentem cada moment important amb imatges i v\u00eddeos que transmeten emoci\u00f3 i autenticitat.<\/p>\t\t\t\t\t\t\t\t<\/div>\n\t\t\t\t<\/div>\n\t\t\t\t<\/div>\n\t\t<div class=\"elementor-element elementor-element-b54b4bd e-con-full e-flex e-con e-child\" data-id=\"b54b4bd\" data-element_type=\"container\">\n\t\t<div class=\"elementor-element elementor-element-adb48c3 e-con-full e-flex e-con e-child\" data-id=\"adb48c3\" data-element_type=\"container\" data-settings=\"{&quot;background_background&quot;:&quot;classic&quot;}\">\n\t\t\t\t<\/div>\n\t\t\t\t<div class=\"elementor-element elementor-element-45708cb elementor-widget elementor-widget-heading\" data-id=\"45708cb\" data-element_type=\"widget\" data-widget_type=\"heading.default\">\n\t\t\t\t<div class=\"elementor-widget-container\">\n\t\t\t\t\t<h2 class=\"elementor-heading-title elementor-size-default\">Videos promocionals<\/h2>\t\t\t\t<\/div>\n\t\t\t\t<\/div>\n\t\t\t\t<div class=\"elementor-element elementor-element-a7f4ca9 elementor-widget elementor-widget-text-editor\" data-id=\"a7f4ca9\" data-element_type=\"widget\" data-widget_type=\"text-editor.default\">\n\t\t\t\t<div class=\"elementor-widget-container\">\n\t\t\t\t\t\t\t\t\t<p>Dissenyem contingut visual que impulsa les campanyes i capta l&#039;atenci\u00f3 del teu p\u00fablic objectiu.<\/p>\t\t\t\t\t\t\t\t<\/div>\n\t\t\t\t<\/div>\n\t\t\t\t<\/div>\n\t\t\t\t<\/div>\n\t\t\t\t<\/div>\n\t\t\t\t<\/div>\n\t\t<div class=\"elementor-element elementor-element-7f09833 e-con-full e-flex e-con e-child\" data-id=\"7f09833\" data-element_type=\"container\" data-settings=\"{&quot;background_background&quot;:&quot;classic&quot;}\">\n\t\t<div class=\"elementor-element elementor-element-dcdc0d0 e-con-full e-flex e-con e-child\" data-id=\"dcdc0d0\" data-element_type=\"container\" data-settings=\"{&quot;background_background&quot;:&quot;classic&quot;}\">\n\t\t\t\t<div class=\"elementor-element elementor-element-25cc570 elementor-widget elementor-widget-heading\" data-id=\"25cc570\" data-element_type=\"widget\" data-widget_type=\"heading.default\">\n\t\t\t\t<div class=\"elementor-widget-container\">\n\t\t\t\t\t<h3 class=\"elementor-heading-title elementor-size-default\">Per qu\u00e8 els nostres serveis audiovisuals s\u00f3n ideals per al teu projecte<\/h3>\t\t\t\t<\/div>\n\t\t\t\t<\/div>\n\t\t<div class=\"elementor-element elementor-element-48a3d36 e-con-full e-flex e-con e-child\" data-id=\"48a3d36\" data-element_type=\"container\">\n\t\t<div class=\"elementor-element elementor-element-ea69070 e-con-full e-flex e-con e-child\" data-id=\"ea69070\" data-element_type=\"container\">\n\t\t\t\t<div class=\"elementor-element elementor-element-bcc6fcb elementor-widget elementor-widget-heading\" data-id=\"bcc6fcb\" data-element_type=\"widget\" data-widget_type=\"heading.default\">\n\t\t\t\t<div class=\"elementor-widget-container\">\n\t\t\t\t\t<h2 class=\"elementor-heading-title elementor-size-default\">Creativitat sense l\u00edmits<\/h2>\t\t\t\t<\/div>\n\t\t\t\t<\/div>\n\t\t\t\t<div class=\"elementor-element elementor-element-c54f5ae elementor-widget elementor-widget-text-editor\" data-id=\"c54f5ae\" data-element_type=\"widget\" data-widget_type=\"text-editor.default\">\n\t\t\t\t<div class=\"elementor-widget-container\">\n\t\t\t\t\t\t\t\t\t<p>Dissenyem contingut original que capta latenci\u00f3 i conta hist\u00f2ries \u00faniques.<\/p>\t\t\t\t\t\t\t\t<\/div>\n\t\t\t\t<\/div>\n\t\t\t\t<\/div>\n\t\t<div class=\"elementor-element elementor-element-b69dad9 e-con-full e-flex e-con e-child\" data-id=\"b69dad9\" data-element_type=\"container\">\n\t\t\t\t<div class=\"elementor-element elementor-element-7582e86 elementor-widget elementor-widget-heading\" data-id=\"7582e86\" data-element_type=\"widget\" data-widget_type=\"heading.default\">\n\t\t\t\t<div class=\"elementor-widget-container\">\n\t\t\t\t\t<h2 class=\"elementor-heading-title elementor-size-default\">Qualitat assegurada<\/h2>\t\t\t\t<\/div>\n\t\t\t\t<\/div>\n\t\t\t\t<div class=\"elementor-element elementor-element-ef6314d elementor-widget elementor-widget-text-editor\" data-id=\"ef6314d\" data-element_type=\"widget\" data-widget_type=\"text-editor.default\">\n\t\t\t\t<div class=\"elementor-widget-container\">\n\t\t\t\t\t\t\t\t\t<p>Utilitzem equips de darrera generaci\u00f3 per garantir resultats excepcionals.<\/p>\t\t\t\t\t\t\t\t<\/div>\n\t\t\t\t<\/div>\n\t\t\t\t<\/div>\n\t\t<div class=\"elementor-element elementor-element-466735b e-con-full e-flex e-con e-child\" data-id=\"466735b\" data-element_type=\"container\">\n\t\t\t\t<div class=\"elementor-element elementor-element-4bd692f elementor-widget elementor-widget-heading\" data-id=\"4bd692f\" data-element_type=\"widget\" data-widget_type=\"heading.default\">\n\t\t\t\t<div class=\"elementor-widget-container\">\n\t\t\t\t\t<h2 class=\"elementor-heading-title elementor-size-default\">Adaptaci\u00f3 a les teves necessitats<\/h2>\t\t\t\t<\/div>\n\t\t\t\t<\/div>\n\t\t\t\t<div class=\"elementor-element elementor-element-d8d091c elementor-widget elementor-widget-text-editor\" data-id=\"d8d091c\" data-element_type=\"widget\" data-widget_type=\"text-editor.default\">\n\t\t\t\t<div class=\"elementor-widget-container\">\n\t\t\t\t\t\t\t\t\t<p>Personalitzem cada projecte per alinear-lo amb els teus objectius espec\u00edfics.<\/p>\t\t\t\t\t\t\t\t<\/div>\n\t\t\t\t<\/div>\n\t\t\t\t<\/div>\n\t\t<div class=\"elementor-element elementor-element-86d652c e-con-full e-flex e-con e-child\" data-id=\"86d652c\" data-element_type=\"container\">\n\t\t\t\t<div class=\"elementor-element elementor-element-46b7153 elementor-widget elementor-widget-heading\" data-id=\"46b7153\" data-element_type=\"widget\" data-widget_type=\"heading.default\">\n\t\t\t\t<div class=\"elementor-widget-container\">\n\t\t\t\t\t<h2 class=\"elementor-heading-title elementor-size-default\">Impacte garantit<\/h2>\t\t\t\t<\/div>\n\t\t\t\t<\/div>\n\t\t\t\t<div class=\"elementor-element elementor-element-3402e25 elementor-widget elementor-widget-text-editor\" data-id=\"3402e25\" data-element_type=\"widget\" data-widget_type=\"text-editor.default\">\n\t\t\t\t<div class=\"elementor-widget-container\">\n\t\t\t\t\t\t\t\t\t<p>Generem contingut que ressona amb la teva audi\u00e8ncia i refor\u00e7a la teva marca.<\/p>\t\t\t\t\t\t\t\t<\/div>\n\t\t\t\t<\/div>\n\t\t\t\t<\/div>\n\t\t\t\t<\/div>\n\t\t\t\t<\/div>\n\t\t\t\t<\/div>\n\t\t\t\t\t<\/div>\n\t\t\t\t<\/div>\n\t\t\t\t<\/div>","protected":false},"excerpt":{"rendered":"<p>AudioVisuales Convierte tus ideas en experiencias visuales impactantes En OnlyOneService, potenciamos tu comunicaci\u00f3n con soluciones audiovisuales dise\u00f1adas para destacar. Nuestro equipo de profesionales combina creatividad, t\u00e9cnica y tecnolog\u00eda de \u00faltima generaci\u00f3n para producir contenidos \u00fanicos que conecten con tu audiencia y reflejen la esencia de tu marca. Ya sea para campa\u00f1as publicitarias, videos corporativos o [&hellip;]<\/p>","protected":false},"author":1,"featured_media":0,"parent":0,"menu_order":0,"comment_status":"closed","ping_status":"closed","template":"","meta":{"footnotes":""},"class_list":["post-605","page","type-page","status-publish","hentry"],"yoast_head":"<!-- This site is optimized with the Yoast SEO plugin v24.6 - https:\/\/yoast.com\/wordpress\/plugins\/seo\/ -->\n<title>Audiovisuales - All In One Service<\/title>\n<meta name=\"robots\" content=\"index, follow, max-snippet:-1, max-image-preview:large, max-video-preview:-1\" \/>\n<link rel=\"canonical\" href=\"https:\/\/allinoneservice.es\/ca\/audiovisuales\/\" \/>\n<meta property=\"og:locale\" content=\"ca_ES\" \/>\n<meta property=\"og:type\" content=\"article\" \/>\n<meta property=\"og:title\" content=\"Audiovisuales - All In One Service\" \/>\n<meta property=\"og:description\" content=\"AudioVisuales Convierte tus ideas en experiencias visuales impactantes En OnlyOneService, potenciamos tu comunicaci\u00f3n con soluciones audiovisuales dise\u00f1adas para destacar. Nuestro equipo de profesionales combina creatividad, t\u00e9cnica y tecnolog\u00eda de \u00faltima generaci\u00f3n para producir contenidos \u00fanicos que conecten con tu audiencia y reflejen la esencia de tu marca. Ya sea para campa\u00f1as publicitarias, videos corporativos o [&hellip;]\" \/>\n<meta property=\"og:url\" content=\"https:\/\/allinoneservice.es\/ca\/audiovisuales\/\" \/>\n<meta property=\"og:site_name\" content=\"All In One Service\" \/>\n<meta property=\"article:modified_time\" content=\"2024-12-03T08:54:13+00:00\" \/>\n<meta property=\"og:image\" content=\"https:\/\/allinoneservice.es\/wp-content\/uploads\/2024\/12\/carteleria3-1024x576.jpg\" \/>\n<meta name=\"twitter:card\" content=\"summary_large_image\" \/>\n<meta name=\"twitter:label1\" content=\"Temps estimat de lectura\" \/>\n\t<meta name=\"twitter:data1\" content=\"1 minut\" \/>\n<script type=\"application\/ld+json\" class=\"yoast-schema-graph\">{\"@context\":\"https:\/\/schema.org\",\"@graph\":[{\"@type\":\"WebPage\",\"@id\":\"https:\/\/allinoneservice.es\/audiovisuales\/\",\"url\":\"https:\/\/allinoneservice.es\/audiovisuales\/\",\"name\":\"Audiovisuales - All In One Service\",\"isPartOf\":{\"@id\":\"https:\/\/allinoneservice.es\/#website\"},\"primaryImageOfPage\":{\"@id\":\"https:\/\/allinoneservice.es\/audiovisuales\/#primaryimage\"},\"image\":{\"@id\":\"https:\/\/allinoneservice.es\/audiovisuales\/#primaryimage\"},\"thumbnailUrl\":\"https:\/\/allinoneservice.es\/wp-content\/uploads\/2024\/12\/carteleria3-1024x576.jpg\",\"datePublished\":\"2024-12-03T08:52:50+00:00\",\"dateModified\":\"2024-12-03T08:54:13+00:00\",\"breadcrumb\":{\"@id\":\"https:\/\/allinoneservice.es\/audiovisuales\/#breadcrumb\"},\"inLanguage\":\"ca\",\"potentialAction\":[{\"@type\":\"ReadAction\",\"target\":[\"https:\/\/allinoneservice.es\/audiovisuales\/\"]}]},{\"@type\":\"ImageObject\",\"inLanguage\":\"ca\",\"@id\":\"https:\/\/allinoneservice.es\/audiovisuales\/#primaryimage\",\"url\":\"https:\/\/allinoneservice.es\/wp-content\/uploads\/2024\/12\/carteleria3-1024x576.jpg\",\"contentUrl\":\"https:\/\/allinoneservice.es\/wp-content\/uploads\/2024\/12\/carteleria3-1024x576.jpg\"},{\"@type\":\"BreadcrumbList\",\"@id\":\"https:\/\/allinoneservice.es\/audiovisuales\/#breadcrumb\",\"itemListElement\":[{\"@type\":\"ListItem\",\"position\":1,\"name\":\"Portada\",\"item\":\"https:\/\/allinoneservice.es\/\"},{\"@type\":\"ListItem\",\"position\":2,\"name\":\"Audiovisuales\"}]},{\"@type\":\"WebSite\",\"@id\":\"https:\/\/allinoneservice.es\/#website\",\"url\":\"https:\/\/allinoneservice.es\/\",\"name\":\"Only one service\",\"description\":\"\",\"publisher\":{\"@id\":\"https:\/\/allinoneservice.es\/#organization\"},\"potentialAction\":[{\"@type\":\"SearchAction\",\"target\":{\"@type\":\"EntryPoint\",\"urlTemplate\":\"https:\/\/allinoneservice.es\/?s={search_term_string}\"},\"query-input\":{\"@type\":\"PropertyValueSpecification\",\"valueRequired\":true,\"valueName\":\"search_term_string\"}}],\"inLanguage\":\"ca\"},{\"@type\":\"Organization\",\"@id\":\"https:\/\/allinoneservice.es\/#organization\",\"name\":\"Only one service\",\"url\":\"https:\/\/allinoneservice.es\/\",\"logo\":{\"@type\":\"ImageObject\",\"inLanguage\":\"ca\",\"@id\":\"https:\/\/allinoneservice.es\/#\/schema\/logo\/image\/\",\"url\":\"https:\/\/allinoneservice.es\/wp-content\/uploads\/2024\/11\/2-e1732548222692.png\",\"contentUrl\":\"https:\/\/allinoneservice.es\/wp-content\/uploads\/2024\/11\/2-e1732548222692.png\",\"width\":1100,\"height\":278,\"caption\":\"Only one service\"},\"image\":{\"@id\":\"https:\/\/allinoneservice.es\/#\/schema\/logo\/image\/\"}}]}<\/script>\n<!-- \/ Yoast SEO plugin. -->","yoast_head_json":{"title":"Audiovisuales - All In One Service","robots":{"index":"index","follow":"follow","max-snippet":"max-snippet:-1","max-image-preview":"max-image-preview:large","max-video-preview":"max-video-preview:-1"},"canonical":"https:\/\/allinoneservice.es\/ca\/audiovisuales\/","og_locale":"ca_ES","og_type":"article","og_title":"Audiovisuales - All In One Service","og_description":"AudioVisuales Convierte tus ideas en experiencias visuales impactantes En OnlyOneService, potenciamos tu comunicaci\u00f3n con soluciones audiovisuales dise\u00f1adas para destacar. Nuestro equipo de profesionales combina creatividad, t\u00e9cnica y tecnolog\u00eda de \u00faltima generaci\u00f3n para producir contenidos \u00fanicos que conecten con tu audiencia y reflejen la esencia de tu marca. Ya sea para campa\u00f1as publicitarias, videos corporativos o [&hellip;]","og_url":"https:\/\/allinoneservice.es\/ca\/audiovisuales\/","og_site_name":"All In One Service","article_modified_time":"2024-12-03T08:54:13+00:00","og_image":[{"url":"https:\/\/allinoneservice.es\/wp-content\/uploads\/2024\/12\/carteleria3-1024x576.jpg","type":"","width":"","height":""}],"twitter_card":"summary_large_image","twitter_misc":{"Temps estimat de lectura":"1 minut"},"schema":{"@context":"https:\/\/schema.org","@graph":[{"@type":"WebPage","@id":"https:\/\/allinoneservice.es\/audiovisuales\/","url":"https:\/\/allinoneservice.es\/audiovisuales\/","name":"Audiovisuales - All In One Service","isPartOf":{"@id":"https:\/\/allinoneservice.es\/#website"},"primaryImageOfPage":{"@id":"https:\/\/allinoneservice.es\/audiovisuales\/#primaryimage"},"image":{"@id":"https:\/\/allinoneservice.es\/audiovisuales\/#primaryimage"},"thumbnailUrl":"https:\/\/allinoneservice.es\/wp-content\/uploads\/2024\/12\/carteleria3-1024x576.jpg","datePublished":"2024-12-03T08:52:50+00:00","dateModified":"2024-12-03T08:54:13+00:00","breadcrumb":{"@id":"https:\/\/allinoneservice.es\/audiovisuales\/#breadcrumb"},"inLanguage":"ca","potentialAction":[{"@type":"ReadAction","target":["https:\/\/allinoneservice.es\/audiovisuales\/"]}]},{"@type":"ImageObject","inLanguage":"ca","@id":"https:\/\/allinoneservice.es\/audiovisuales\/#primaryimage","url":"https:\/\/allinoneservice.es\/wp-content\/uploads\/2024\/12\/carteleria3-1024x576.jpg","contentUrl":"https:\/\/allinoneservice.es\/wp-content\/uploads\/2024\/12\/carteleria3-1024x576.jpg"},{"@type":"BreadcrumbList","@id":"https:\/\/allinoneservice.es\/audiovisuales\/#breadcrumb","itemListElement":[{"@type":"ListItem","position":1,"name":"Portada","item":"https:\/\/allinoneservice.es\/"},{"@type":"ListItem","position":2,"name":"Audiovisuales"}]},{"@type":"WebSite","@id":"https:\/\/allinoneservice.es\/#website","url":"https:\/\/allinoneservice.es\/","name":"Only one service","description":"","publisher":{"@id":"https:\/\/allinoneservice.es\/#organization"},"potentialAction":[{"@type":"SearchAction","target":{"@type":"EntryPoint","urlTemplate":"https:\/\/allinoneservice.es\/?s={search_term_string}"},"query-input":{"@type":"PropertyValueSpecification","valueRequired":true,"valueName":"search_term_string"}}],"inLanguage":"ca"},{"@type":"Organization","@id":"https:\/\/allinoneservice.es\/#organization","name":"Only one service","url":"https:\/\/allinoneservice.es\/","logo":{"@type":"ImageObject","inLanguage":"ca","@id":"https:\/\/allinoneservice.es\/#\/schema\/logo\/image\/","url":"https:\/\/allinoneservice.es\/wp-content\/uploads\/2024\/11\/2-e1732548222692.png","contentUrl":"https:\/\/allinoneservice.es\/wp-content\/uploads\/2024\/11\/2-e1732548222692.png","width":1100,"height":278,"caption":"Only one service"},"image":{"@id":"https:\/\/allinoneservice.es\/#\/schema\/logo\/image\/"}}]}},"_links":{"self":[{"href":"https:\/\/allinoneservice.es\/ca\/wp-json\/wp\/v2\/pages\/605","targetHints":{"allow":["GET"]}}],"collection":[{"href":"https:\/\/allinoneservice.es\/ca\/wp-json\/wp\/v2\/pages"}],"about":[{"href":"https:\/\/allinoneservice.es\/ca\/wp-json\/wp\/v2\/types\/page"}],"author":[{"embeddable":true,"href":"https:\/\/allinoneservice.es\/ca\/wp-json\/wp\/v2\/users\/1"}],"replies":[{"embeddable":true,"href":"https:\/\/allinoneservice.es\/ca\/wp-json\/wp\/v2\/comments?post=605"}],"version-history":[{"count":4,"href":"https:\/\/allinoneservice.es\/ca\/wp-json\/wp\/v2\/pages\/605\/revisions"}],"predecessor-version":[{"id":615,"href":"https:\/\/allinoneservice.es\/ca\/wp-json\/wp\/v2\/pages\/605\/revisions\/615"}],"wp:attachment":[{"href":"https:\/\/allinoneservice.es\/ca\/wp-json\/wp\/v2\/media?parent=605"}],"curies":[{"name":"wp","href":"https:\/\/api.w.org\/{rel}","templated":true}]}}