{"id":14,"date":"2024-11-04T21:57:23","date_gmt":"2024-11-04T21:57:23","guid":{"rendered":"https:\/\/allinoneservice.es\/?page_id=14"},"modified":"2024-11-25T15:19:09","modified_gmt":"2024-11-25T15:19:09","slug":"rotulacion","status":"publish","type":"page","link":"https:\/\/allinoneservice.es\/en\/rotulacion\/","title":{"rendered":"Labeling"},"content":{"rendered":"<div data-elementor-type=\"wp-page\" data-elementor-id=\"14\" class=\"elementor elementor-14\" data-elementor-post-type=\"page\">\n\t\t\t\t<div class=\"elementor-element elementor-element-4a5a769 e-flex e-con-boxed e-con e-parent\" data-id=\"4a5a769\" data-element_type=\"container\" data-settings=\"{&quot;background_background&quot;:&quot;classic&quot;}\">\n\t\t\t\t\t<div class=\"e-con-inner\">\n\t\t\t\t<div class=\"elementor-element elementor-element-e84c219 elementor-widget__width-initial elementor-widget elementor-widget-heading\" data-id=\"e84c219\" data-element_type=\"widget\" data-widget_type=\"heading.default\">\n\t\t\t\t<div class=\"elementor-widget-container\">\n\t\t\t\t\t<h1 class=\"elementor-heading-title elementor-size-default\">Labeling<\/h1>\t\t\t\t<\/div>\n\t\t\t\t<\/div>\n\t\t\t\t\t<\/div>\n\t\t\t\t<\/div>\n\t\t<div class=\"elementor-element elementor-element-29725e6 e-flex e-con-boxed e-con e-parent\" data-id=\"29725e6\" data-element_type=\"container\" data-settings=\"{&quot;background_background&quot;:&quot;classic&quot;,&quot;shape_divider_bottom&quot;:&quot;waves&quot;}\">\n\t\t\t\t\t<div class=\"e-con-inner\">\n\t\t\t\t<div class=\"elementor-shape elementor-shape-bottom\" data-negative=\"false\">\n\t\t\t<svg xmlns=\"http:\/\/www.w3.org\/2000\/svg\" viewbox=\"0 0 1000 100\" preserveaspectratio=\"none\">\n\t<path class=\"elementor-shape-fill\" d=\"M421.9,6.5c22.6-2.5,51.5,0.4,75.5,5.3c23.6,4.9,70.9,23.5,100.5,35.7c75.8,32.2,133.7,44.5,192.6,49.7\tc23.6,2.1,48.7,3.5,103.4-2.5c54.7-6,106.2-25.6,106.2-25.6V0H0v30.3c0,0,72,32.6,158.4,30.5c39.2-0.7,92.8-6.7,134-22.4\tc21.2-8.1,52.2-18.2,79.7-24.2C399.3,7.9,411.6,7.5,421.9,6.5z\"\/>\n<\/svg>\t\t<\/div>\n\t\t<div class=\"elementor-element elementor-element-db3c91b e-con-full e-flex elementor-invisible e-con e-child\" data-id=\"db3c91b\" data-element_type=\"container\" data-settings=\"{&quot;animation&quot;:&quot;fadeIn&quot;}\">\n\t\t<div class=\"elementor-element elementor-element-67eb8d3 e-con-full e-flex e-con e-child\" data-id=\"67eb8d3\" data-element_type=\"container\">\n\t\t\t\t<div class=\"elementor-element elementor-element-64afc65 elementor-widget elementor-widget-heading\" data-id=\"64afc65\" data-element_type=\"widget\" data-widget_type=\"heading.default\">\n\t\t\t\t<div class=\"elementor-widget-container\">\n\t\t\t\t\t<h2 class=\"elementor-heading-title elementor-size-default\">Signage for corporate events:<br><span style=\"font-size: 25px\"> Custom vinyls, fabrics and canvases<\/h2>\t\t\t\t<\/div>\n\t\t\t\t<\/div>\n\t\t\t\t<div class=\"elementor-element elementor-element-4ffc35e elementor-widget elementor-widget-text-editor\" data-id=\"4ffc35e\" data-element_type=\"widget\" data-widget_type=\"text-editor.default\">\n\t\t\t\t<div class=\"elementor-widget-container\">\n\t\t\t\t\t\t\t\t\t<p>At All In One Service, we specialize in custom signage solutions for corporate events, offering a wide range of options including vinyl, fabric and canvas.<\/p><p>We understand the importance of an impactful brand image, which is why we design and produce visual elements that elevate the experience of any event.<\/p>\t\t\t\t\t\t\t\t<\/div>\n\t\t\t\t<\/div>\n\t\t\t\t<\/div>\n\t\t\t\t<div class=\"elementor-element elementor-element-e4ff06e elementor-widget__width-initial elementor-widget elementor-widget-image\" data-id=\"e4ff06e\" data-element_type=\"widget\" data-widget_type=\"image.default\">\n\t\t\t\t<div class=\"elementor-widget-container\">\n\t\t\t\t\t\t\t\t\t\t\t\t\t\t\t<img fetchpriority=\"high\" decoding=\"async\" width=\"2560\" height=\"1920\" src=\"https:\/\/allinoneservice.es\/wp-content\/uploads\/2024\/11\/Copia-de-IMG_6377-scaled.jpg\" class=\"attachment-full size-full wp-image-193\" alt=\"\" srcset=\"https:\/\/allinoneservice.es\/wp-content\/uploads\/2024\/11\/Copia-de-IMG_6377-scaled.jpg 2560w, https:\/\/allinoneservice.es\/wp-content\/uploads\/2024\/11\/Copia-de-IMG_6377-300x225.jpg 300w, https:\/\/allinoneservice.es\/wp-content\/uploads\/2024\/11\/Copia-de-IMG_6377-1024x768.jpg 1024w, https:\/\/allinoneservice.es\/wp-content\/uploads\/2024\/11\/Copia-de-IMG_6377-768x576.jpg 768w, https:\/\/allinoneservice.es\/wp-content\/uploads\/2024\/11\/Copia-de-IMG_6377-1536x1152.jpg 1536w, https:\/\/allinoneservice.es\/wp-content\/uploads\/2024\/11\/Copia-de-IMG_6377-2048x1536.jpg 2048w\" sizes=\"(max-width: 2560px) 100vw, 2560px\" \/>\t\t\t\t\t\t\t\t\t\t\t\t\t\t\t<\/div>\n\t\t\t\t<\/div>\n\t\t\t\t<\/div>\n\t\t\t\t\t<\/div>\n\t\t\t\t<\/div>\n\t\t<div class=\"elementor-element elementor-element-6725a72 e-flex e-con-boxed e-con e-parent\" data-id=\"6725a72\" data-element_type=\"container\" data-settings=\"{&quot;background_background&quot;:&quot;classic&quot;}\">\n\t\t\t\t\t<div class=\"e-con-inner\">\n\t\t<div class=\"elementor-element elementor-element-b565851 e-con-full e-flex e-con e-child\" data-id=\"b565851\" data-element_type=\"container\" data-settings=\"{&quot;background_background&quot;:&quot;classic&quot;}\">\n\t\t<div class=\"elementor-element elementor-element-d06273c e-con-full e-flex e-con e-child\" data-id=\"d06273c\" data-element_type=\"container\" data-settings=\"{&quot;background_background&quot;:&quot;classic&quot;}\">\n\t\t\t\t<div class=\"elementor-element elementor-element-d8c6c37 elementor-widget elementor-widget-heading\" data-id=\"d8c6c37\" data-element_type=\"widget\" data-widget_type=\"heading.default\">\n\t\t\t\t<div class=\"elementor-widget-container\">\n\t\t\t\t\t<h3 class=\"elementor-heading-title elementor-size-default\">Custom vinyl: The professional touch for every space<\/h3>\t\t\t\t<\/div>\n\t\t\t\t<\/div>\n\t\t\t\t<div class=\"elementor-element elementor-element-da15cfa elementor-widget elementor-widget-text-editor\" data-id=\"da15cfa\" data-element_type=\"widget\" data-widget_type=\"text-editor.default\">\n\t\t\t\t<div class=\"elementor-widget-container\">\n\t\t\t\t\t\t\t\t\t<p>Our custom vinyls are ideal for transforming any surface into a unique branding space. We have vinyls for floors, walls and windows, adapted to different needs and styles.\u00a0<\/p>\t\t\t\t\t\t\t\t<\/div>\n\t\t\t\t<\/div>\n\t\t\t\t<div class=\"elementor-element elementor-element-0bf4f85 elementor-icon-list--layout-traditional elementor-list-item-link-full_width elementor-widget elementor-widget-icon-list\" data-id=\"0bf4f85\" data-element_type=\"widget\" data-widget_type=\"icon-list.default\">\n\t\t\t\t<div class=\"elementor-widget-container\">\n\t\t\t\t\t\t\t<ul class=\"elementor-icon-list-items\">\n\t\t\t\t\t\t\t<li class=\"elementor-icon-list-item\">\n\t\t\t\t\t\t\t\t\t\t\t<span class=\"elementor-icon-list-icon\">\n\t\t\t\t\t\t\t<svg aria-hidden=\"true\" class=\"e-font-icon-svg e-fas-dot-circle\" viewbox=\"0 0 512 512\" xmlns=\"http:\/\/www.w3.org\/2000\/svg\"><path d=\"M256 8C119.033 8 8 119.033 8 256s111.033 248 248 248 248-111.033 248-248S392.967 8 256 8zm80 248c0 44.112-35.888 80-80 80s-80-35.888-80-80 35.888-80 80-80 80 35.888 80 80z\"><\/path><\/svg>\t\t\t\t\t\t<\/span>\n\t\t\t\t\t\t\t\t\t\t<span class=\"elementor-icon-list-text\">Printed vinyls<\/span>\n\t\t\t\t\t\t\t\t\t<\/li>\n\t\t\t\t\t\t\t\t<li class=\"elementor-icon-list-item\">\n\t\t\t\t\t\t\t\t\t\t\t<span class=\"elementor-icon-list-icon\">\n\t\t\t\t\t\t\t<svg aria-hidden=\"true\" class=\"e-font-icon-svg e-fas-dot-circle\" viewbox=\"0 0 512 512\" xmlns=\"http:\/\/www.w3.org\/2000\/svg\"><path d=\"M256 8C119.033 8 8 119.033 8 256s111.033 248 248 248 248-111.033 248-248S392.967 8 256 8zm80 248c0 44.112-35.888 80-80 80s-80-35.888-80-80 35.888-80 80-80 80 35.888 80 80z\"><\/path><\/svg>\t\t\t\t\t\t<\/span>\n\t\t\t\t\t\t\t\t\t\t<span class=\"elementor-icon-list-text\">Digitally printed laminated vinyl<\/span>\n\t\t\t\t\t\t\t\t\t<\/li>\n\t\t\t\t\t\t\t\t<li class=\"elementor-icon-list-item\">\n\t\t\t\t\t\t\t\t\t\t\t<span class=\"elementor-icon-list-icon\">\n\t\t\t\t\t\t\t<svg aria-hidden=\"true\" class=\"e-font-icon-svg e-fas-dot-circle\" viewbox=\"0 0 512 512\" xmlns=\"http:\/\/www.w3.org\/2000\/svg\"><path d=\"M256 8C119.033 8 8 119.033 8 256s111.033 248 248 248 248-111.033 248-248S392.967 8 256 8zm80 248c0 44.112-35.888 80-80 80s-80-35.888-80-80 35.888-80 80-80 80 35.888 80 80z\"><\/path><\/svg>\t\t\t\t\t\t<\/span>\n\t\t\t\t\t\t\t\t\t\t<span class=\"elementor-icon-list-text\">Digital printing on rigid supports<\/span>\n\t\t\t\t\t\t\t\t\t<\/li>\n\t\t\t\t\t\t\t\t<li class=\"elementor-icon-list-item\">\n\t\t\t\t\t\t\t\t\t\t\t<span class=\"elementor-icon-list-icon\">\n\t\t\t\t\t\t\t<svg aria-hidden=\"true\" class=\"e-font-icon-svg e-fas-dot-circle\" viewbox=\"0 0 512 512\" xmlns=\"http:\/\/www.w3.org\/2000\/svg\"><path d=\"M256 8C119.033 8 8 119.033 8 256s111.033 248 248 248 248-111.033 248-248S392.967 8 256 8zm80 248c0 44.112-35.888 80-80 80s-80-35.888-80-80 35.888-80 80-80 80 35.888 80 80z\"><\/path><\/svg>\t\t\t\t\t\t<\/span>\n\t\t\t\t\t\t\t\t\t\t<span class=\"elementor-icon-list-text\">Methacrylate, sheet metal, PVC and canvas signs<\/span>\n\t\t\t\t\t\t\t\t\t<\/li>\n\t\t\t\t\t\t<\/ul>\n\t\t\t\t\t\t<\/div>\n\t\t\t\t<\/div>\n\t\t\t\t<\/div>\n\t\t<div class=\"elementor-element elementor-element-31ab286 e-con-full e-flex e-con e-child\" data-id=\"31ab286\" data-element_type=\"container\" data-settings=\"{&quot;background_background&quot;:&quot;classic&quot;}\">\n\t\t\t\t<\/div>\n\t\t\t\t<\/div>\n\t\t<div class=\"elementor-element elementor-element-5f6a8a5 e-con-full e-flex e-con e-child\" data-id=\"5f6a8a5\" data-element_type=\"container\" data-settings=\"{&quot;background_background&quot;:&quot;classic&quot;}\">\n\t\t<div class=\"elementor-element elementor-element-52023cc e-con-full e-flex e-con e-child\" data-id=\"52023cc\" data-element_type=\"container\" data-settings=\"{&quot;background_background&quot;:&quot;classic&quot;}\">\n\t\t\t\t<div class=\"elementor-element elementor-element-f754ebf elementor-widget elementor-widget-heading\" data-id=\"f754ebf\" data-element_type=\"widget\" data-widget_type=\"heading.default\">\n\t\t\t\t<div class=\"elementor-widget-container\">\n\t\t\t\t\t<h3 class=\"elementor-heading-title elementor-size-default\">Advertising fabrics: Elegance and versatility for your brand<\/h3>\t\t\t\t<\/div>\n\t\t\t\t<\/div>\n\t\t\t\t<div class=\"elementor-element elementor-element-76e4bfa elementor-widget elementor-widget-text-editor\" data-id=\"76e4bfa\" data-element_type=\"widget\" data-widget_type=\"text-editor.default\">\n\t\t\t\t<div class=\"elementor-widget-container\">\n\t\t\t\t\t\t\t\t\t<p>The advertising fabrics we offer combine elegance and durability, making them a perfect choice for decorations at corporate events, conferences and presentations.\u00a0<\/p>\t\t\t\t\t\t\t\t<\/div>\n\t\t\t\t<\/div>\n\t\t\t\t<\/div>\n\t\t<div class=\"elementor-element elementor-element-2dc0b6b e-con-full e-flex e-con e-child\" data-id=\"2dc0b6b\" data-element_type=\"container\" data-settings=\"{&quot;background_background&quot;:&quot;classic&quot;}\">\n\t\t\t\t<\/div>\n\t\t\t\t<\/div>\n\t\t<div class=\"elementor-element elementor-element-5460596 e-con-full e-flex e-con e-child\" data-id=\"5460596\" data-element_type=\"container\" data-settings=\"{&quot;background_background&quot;:&quot;classic&quot;}\">\n\t\t<div class=\"elementor-element elementor-element-b19c02e e-con-full e-flex e-con e-child\" data-id=\"b19c02e\" data-element_type=\"container\" data-settings=\"{&quot;background_background&quot;:&quot;classic&quot;}\">\n\t\t\t\t<div class=\"elementor-element elementor-element-a9bb729 elementor-widget elementor-widget-heading\" data-id=\"a9bb729\" data-element_type=\"widget\" data-widget_type=\"heading.default\">\n\t\t\t\t<div class=\"elementor-widget-container\">\n\t\t\t\t\t<h3 class=\"elementor-heading-title elementor-size-default\">Promotional banners: Visual impact on a large scale<\/h3>\t\t\t\t<\/div>\n\t\t\t\t<\/div>\n\t\t\t\t<div class=\"elementor-element elementor-element-97e57f1 elementor-widget elementor-widget-text-editor\" data-id=\"97e57f1\" data-element_type=\"widget\" data-widget_type=\"text-editor.default\">\n\t\t\t\t<div class=\"elementor-widget-container\">\n\t\t\t\t\t\t\t\t\t<p>Our custom promotional banners are perfect for large-format advertisements. Made from durable, high-quality materials, they are ideal for outdoor exhibitions, building facades or event stages.\u00a0<\/p>\t\t\t\t\t\t\t\t<\/div>\n\t\t\t\t<\/div>\n\t\t\t\t<\/div>\n\t\t<div class=\"elementor-element elementor-element-7a69c68 e-con-full e-flex e-con e-child\" data-id=\"7a69c68\" data-element_type=\"container\" data-settings=\"{&quot;background_background&quot;:&quot;classic&quot;}\">\n\t\t\t\t<\/div>\n\t\t\t\t<\/div>\n\t\t\t\t\t<\/div>\n\t\t\t\t<\/div>\n\t\t<div class=\"elementor-element elementor-element-8ea1fc0 e-flex e-con-boxed e-con e-parent\" data-id=\"8ea1fc0\" data-element_type=\"container\" data-settings=\"{&quot;background_background&quot;:&quot;classic&quot;}\">\n\t\t\t\t\t<div class=\"e-con-inner\">\n\t\t<div class=\"elementor-element elementor-element-9494b40 e-con-full e-flex e-con e-child\" data-id=\"9494b40\" data-element_type=\"container\">\n\t\t\t\t<div class=\"elementor-element elementor-element-3422ec5 elementor-widget elementor-widget-heading\" data-id=\"3422ec5\" data-element_type=\"widget\" data-widget_type=\"heading.default\">\n\t\t\t\t<div class=\"elementor-widget-container\">\n\t\t\t\t\t<h2 class=\"elementor-heading-title elementor-size-default\">Comprehensive vehicle lettering in Barcelona<\/h2>\t\t\t\t<\/div>\n\t\t\t\t<\/div>\n\t\t\t\t<div class=\"elementor-element elementor-element-96c0a66 elementor-widget elementor-widget-text-editor\" data-id=\"96c0a66\" data-element_type=\"widget\" data-widget_type=\"text-editor.default\">\n\t\t\t\t<div class=\"elementor-widget-container\">\n\t\t\t\t\t\t\t\t\t<p>At All In One Service, we offer a comprehensive vehicle wrapping service to transform your fleet into a powerful mobile marketing tool. With high-quality vinyl and custom designs, we ensure that each vehicle reflects your brand&#039;s identity and message in a lasting and eye-catching way.<\/p>\t\t\t\t\t\t\t\t<\/div>\n\t\t\t\t<\/div>\n\t\t\t\t<\/div>\n\t\t\t\t\t<\/div>\n\t\t\t\t<\/div>\n\t\t\t\t<\/div>","protected":false},"excerpt":{"rendered":"<p>Signage for Corporate Events: Custom Vinyls, Fabrics, and Banners. At All In One Service, we specialize in custom signage solutions for corporate events, offering a wide range of options including vinyls, fabrics, and banners. We understand the importance of a strong brand image, so we design and produce visual elements that [\u2026]<\/p>","protected":false},"author":1,"featured_media":0,"parent":0,"menu_order":0,"comment_status":"closed","ping_status":"closed","template":"","meta":{"footnotes":""},"class_list":["post-14","page","type-page","status-publish","hentry"],"yoast_head":"<!-- This site is optimized with the Yoast SEO plugin v24.6 - https:\/\/yoast.com\/wordpress\/plugins\/seo\/ -->\n<title>Rotulaci\u00f3n - All In One Service<\/title>\n<meta name=\"robots\" content=\"index, follow, max-snippet:-1, max-image-preview:large, max-video-preview:-1\" \/>\n<link rel=\"canonical\" href=\"https:\/\/allinoneservice.es\/en\/rotulacion\/\" \/>\n<meta property=\"og:locale\" content=\"en_GB\" \/>\n<meta property=\"og:type\" content=\"article\" \/>\n<meta property=\"og:title\" content=\"Rotulaci\u00f3n - All In One Service\" \/>\n<meta property=\"og:description\" content=\"Rotulaci\u00f3n Rotulaci\u00f3n para eventos corporativos: Vinilos, telas y lonas personalizadas En All In One Service, nos especializamos en soluciones de rotulaci\u00f3n personalizada para eventos corporativos, ofreciendo una amplia gama de opciones que incluyen vinilos, telas y lonas. Entendemos la importancia de una imagen de marca impactante, por lo que dise\u00f1amos y producimos elementos visuales que [&hellip;]\" \/>\n<meta property=\"og:url\" content=\"https:\/\/allinoneservice.es\/en\/rotulacion\/\" \/>\n<meta property=\"og:site_name\" content=\"All In One Service\" \/>\n<meta property=\"article:modified_time\" content=\"2024-11-25T15:19:09+00:00\" \/>\n<meta property=\"og:image\" content=\"https:\/\/allinoneservice.es\/wp-content\/uploads\/2024\/11\/Copia-de-IMG_6377-scaled.jpg\" \/>\n<meta name=\"twitter:card\" content=\"summary_large_image\" \/>\n<meta name=\"twitter:label1\" content=\"Estimated reading time\" \/>\n\t<meta name=\"twitter:data1\" content=\"1 minute\" \/>\n<script type=\"application\/ld+json\" class=\"yoast-schema-graph\">{\"@context\":\"https:\/\/schema.org\",\"@graph\":[{\"@type\":\"WebPage\",\"@id\":\"https:\/\/allinoneservice.es\/rotulacion\/\",\"url\":\"https:\/\/allinoneservice.es\/rotulacion\/\",\"name\":\"Rotulaci\u00f3n - All In One Service\",\"isPartOf\":{\"@id\":\"https:\/\/allinoneservice.es\/#website\"},\"primaryImageOfPage\":{\"@id\":\"https:\/\/allinoneservice.es\/rotulacion\/#primaryimage\"},\"image\":{\"@id\":\"https:\/\/allinoneservice.es\/rotulacion\/#primaryimage\"},\"thumbnailUrl\":\"https:\/\/allinoneservice.es\/wp-content\/uploads\/2024\/11\/Copia-de-IMG_6377-scaled.jpg\",\"datePublished\":\"2024-11-04T21:57:23+00:00\",\"dateModified\":\"2024-11-25T15:19:09+00:00\",\"breadcrumb\":{\"@id\":\"https:\/\/allinoneservice.es\/rotulacion\/#breadcrumb\"},\"inLanguage\":\"en-GB\",\"potentialAction\":[{\"@type\":\"ReadAction\",\"target\":[\"https:\/\/allinoneservice.es\/rotulacion\/\"]}]},{\"@type\":\"ImageObject\",\"inLanguage\":\"en-GB\",\"@id\":\"https:\/\/allinoneservice.es\/rotulacion\/#primaryimage\",\"url\":\"https:\/\/allinoneservice.es\/wp-content\/uploads\/2024\/11\/Copia-de-IMG_6377-scaled.jpg\",\"contentUrl\":\"https:\/\/allinoneservice.es\/wp-content\/uploads\/2024\/11\/Copia-de-IMG_6377-scaled.jpg\"},{\"@type\":\"BreadcrumbList\",\"@id\":\"https:\/\/allinoneservice.es\/rotulacion\/#breadcrumb\",\"itemListElement\":[{\"@type\":\"ListItem\",\"position\":1,\"name\":\"Portada\",\"item\":\"https:\/\/allinoneservice.es\/\"},{\"@type\":\"ListItem\",\"position\":2,\"name\":\"Rotulaci\u00f3n\"}]},{\"@type\":\"WebSite\",\"@id\":\"https:\/\/allinoneservice.es\/#website\",\"url\":\"https:\/\/allinoneservice.es\/\",\"name\":\"Only one service\",\"description\":\"\",\"publisher\":{\"@id\":\"https:\/\/allinoneservice.es\/#organization\"},\"potentialAction\":[{\"@type\":\"SearchAction\",\"target\":{\"@type\":\"EntryPoint\",\"urlTemplate\":\"https:\/\/allinoneservice.es\/?s={search_term_string}\"},\"query-input\":{\"@type\":\"PropertyValueSpecification\",\"valueRequired\":true,\"valueName\":\"search_term_string\"}}],\"inLanguage\":\"en-GB\"},{\"@type\":\"Organization\",\"@id\":\"https:\/\/allinoneservice.es\/#organization\",\"name\":\"Only one service\",\"url\":\"https:\/\/allinoneservice.es\/\",\"logo\":{\"@type\":\"ImageObject\",\"inLanguage\":\"en-GB\",\"@id\":\"https:\/\/allinoneservice.es\/#\/schema\/logo\/image\/\",\"url\":\"https:\/\/allinoneservice.es\/wp-content\/uploads\/2024\/11\/2-e1732548222692.png\",\"contentUrl\":\"https:\/\/allinoneservice.es\/wp-content\/uploads\/2024\/11\/2-e1732548222692.png\",\"width\":1100,\"height\":278,\"caption\":\"Only one service\"},\"image\":{\"@id\":\"https:\/\/allinoneservice.es\/#\/schema\/logo\/image\/\"}}]}<\/script>\n<!-- \/ Yoast SEO plugin. -->","yoast_head_json":{"title":"Rotulaci\u00f3n - All In One Service","robots":{"index":"index","follow":"follow","max-snippet":"max-snippet:-1","max-image-preview":"max-image-preview:large","max-video-preview":"max-video-preview:-1"},"canonical":"https:\/\/allinoneservice.es\/en\/rotulacion\/","og_locale":"en_GB","og_type":"article","og_title":"Rotulaci\u00f3n - All In One Service","og_description":"Rotulaci\u00f3n Rotulaci\u00f3n para eventos corporativos: Vinilos, telas y lonas personalizadas En All In One Service, nos especializamos en soluciones de rotulaci\u00f3n personalizada para eventos corporativos, ofreciendo una amplia gama de opciones que incluyen vinilos, telas y lonas. Entendemos la importancia de una imagen de marca impactante, por lo que dise\u00f1amos y producimos elementos visuales que [&hellip;]","og_url":"https:\/\/allinoneservice.es\/en\/rotulacion\/","og_site_name":"All In One Service","article_modified_time":"2024-11-25T15:19:09+00:00","og_image":[{"url":"https:\/\/allinoneservice.es\/wp-content\/uploads\/2024\/11\/Copia-de-IMG_6377-scaled.jpg","type":"","width":"","height":""}],"twitter_card":"summary_large_image","twitter_misc":{"Estimated reading time":"1 minute"},"schema":{"@context":"https:\/\/schema.org","@graph":[{"@type":"WebPage","@id":"https:\/\/allinoneservice.es\/rotulacion\/","url":"https:\/\/allinoneservice.es\/rotulacion\/","name":"Rotulaci\u00f3n - All In One Service","isPartOf":{"@id":"https:\/\/allinoneservice.es\/#website"},"primaryImageOfPage":{"@id":"https:\/\/allinoneservice.es\/rotulacion\/#primaryimage"},"image":{"@id":"https:\/\/allinoneservice.es\/rotulacion\/#primaryimage"},"thumbnailUrl":"https:\/\/allinoneservice.es\/wp-content\/uploads\/2024\/11\/Copia-de-IMG_6377-scaled.jpg","datePublished":"2024-11-04T21:57:23+00:00","dateModified":"2024-11-25T15:19:09+00:00","breadcrumb":{"@id":"https:\/\/allinoneservice.es\/rotulacion\/#breadcrumb"},"inLanguage":"en-GB","potentialAction":[{"@type":"ReadAction","target":["https:\/\/allinoneservice.es\/rotulacion\/"]}]},{"@type":"ImageObject","inLanguage":"en-GB","@id":"https:\/\/allinoneservice.es\/rotulacion\/#primaryimage","url":"https:\/\/allinoneservice.es\/wp-content\/uploads\/2024\/11\/Copia-de-IMG_6377-scaled.jpg","contentUrl":"https:\/\/allinoneservice.es\/wp-content\/uploads\/2024\/11\/Copia-de-IMG_6377-scaled.jpg"},{"@type":"BreadcrumbList","@id":"https:\/\/allinoneservice.es\/rotulacion\/#breadcrumb","itemListElement":[{"@type":"ListItem","position":1,"name":"Portada","item":"https:\/\/allinoneservice.es\/"},{"@type":"ListItem","position":2,"name":"Rotulaci\u00f3n"}]},{"@type":"WebSite","@id":"https:\/\/allinoneservice.es\/#website","url":"https:\/\/allinoneservice.es\/","name":"Only one service","description":"","publisher":{"@id":"https:\/\/allinoneservice.es\/#organization"},"potentialAction":[{"@type":"SearchAction","target":{"@type":"EntryPoint","urlTemplate":"https:\/\/allinoneservice.es\/?s={search_term_string}"},"query-input":{"@type":"PropertyValueSpecification","valueRequired":true,"valueName":"search_term_string"}}],"inLanguage":"en-GB"},{"@type":"Organization","@id":"https:\/\/allinoneservice.es\/#organization","name":"Only one service","url":"https:\/\/allinoneservice.es\/","logo":{"@type":"ImageObject","inLanguage":"en-GB","@id":"https:\/\/allinoneservice.es\/#\/schema\/logo\/image\/","url":"https:\/\/allinoneservice.es\/wp-content\/uploads\/2024\/11\/2-e1732548222692.png","contentUrl":"https:\/\/allinoneservice.es\/wp-content\/uploads\/2024\/11\/2-e1732548222692.png","width":1100,"height":278,"caption":"Only one service"},"image":{"@id":"https:\/\/allinoneservice.es\/#\/schema\/logo\/image\/"}}]}},"_links":{"self":[{"href":"https:\/\/allinoneservice.es\/en\/wp-json\/wp\/v2\/pages\/14","targetHints":{"allow":["GET"]}}],"collection":[{"href":"https:\/\/allinoneservice.es\/en\/wp-json\/wp\/v2\/pages"}],"about":[{"href":"https:\/\/allinoneservice.es\/en\/wp-json\/wp\/v2\/types\/page"}],"author":[{"embeddable":true,"href":"https:\/\/allinoneservice.es\/en\/wp-json\/wp\/v2\/users\/1"}],"replies":[{"embeddable":true,"href":"https:\/\/allinoneservice.es\/en\/wp-json\/wp\/v2\/comments?post=14"}],"version-history":[{"count":49,"href":"https:\/\/allinoneservice.es\/en\/wp-json\/wp\/v2\/pages\/14\/revisions"}],"predecessor-version":[{"id":594,"href":"https:\/\/allinoneservice.es\/en\/wp-json\/wp\/v2\/pages\/14\/revisions\/594"}],"wp:attachment":[{"href":"https:\/\/allinoneservice.es\/en\/wp-json\/wp\/v2\/media?parent=14"}],"curies":[{"name":"wp","href":"https:\/\/api.w.org\/{rel}","templated":true}]}}