{"id":22,"date":"2024-11-04T21:58:37","date_gmt":"2024-11-04T21:58:37","guid":{"rendered":"https:\/\/allinoneservice.es\/?page_id=22"},"modified":"2024-11-25T15:20:20","modified_gmt":"2024-11-25T15:20:20","slug":"proyectos-personalizados","status":"publish","type":"page","link":"https:\/\/allinoneservice.es\/en\/proyectos-personalizados\/","title":{"rendered":"Custom projects"},"content":{"rendered":"<div data-elementor-type=\"wp-page\" data-elementor-id=\"22\" class=\"elementor elementor-22\" data-elementor-post-type=\"page\">\n\t\t\t\t<div class=\"elementor-element elementor-element-6658bf9 e-flex e-con-boxed e-con e-parent\" data-id=\"6658bf9\" data-element_type=\"container\" data-settings=\"{&quot;background_background&quot;:&quot;classic&quot;}\">\n\t\t\t\t\t<div class=\"e-con-inner\">\n\t\t\t\t<div class=\"elementor-element elementor-element-54d758c elementor-widget__width-initial elementor-widget elementor-widget-heading\" data-id=\"54d758c\" data-element_type=\"widget\" data-widget_type=\"heading.default\">\n\t\t\t\t<div class=\"elementor-widget-container\">\n\t\t\t\t\t<h1 class=\"elementor-heading-title elementor-size-default\">Custom projects<\/h1>\t\t\t\t<\/div>\n\t\t\t\t<\/div>\n\t\t\t\t\t<\/div>\n\t\t\t\t<\/div>\n\t\t<div class=\"elementor-element elementor-element-baa5470 e-flex e-con-boxed e-con e-parent\" data-id=\"baa5470\" data-element_type=\"container\" data-settings=\"{&quot;background_background&quot;:&quot;classic&quot;,&quot;shape_divider_bottom&quot;:&quot;waves&quot;}\">\n\t\t\t\t\t<div class=\"e-con-inner\">\n\t\t\t\t<div class=\"elementor-shape elementor-shape-bottom\" data-negative=\"false\">\n\t\t\t<svg xmlns=\"http:\/\/www.w3.org\/2000\/svg\" viewbox=\"0 0 1000 100\" preserveaspectratio=\"none\">\n\t<path class=\"elementor-shape-fill\" d=\"M421.9,6.5c22.6-2.5,51.5,0.4,75.5,5.3c23.6,4.9,70.9,23.5,100.5,35.7c75.8,32.2,133.7,44.5,192.6,49.7\tc23.6,2.1,48.7,3.5,103.4-2.5c54.7-6,106.2-25.6,106.2-25.6V0H0v30.3c0,0,72,32.6,158.4,30.5c39.2-0.7,92.8-6.7,134-22.4\tc21.2-8.1,52.2-18.2,79.7-24.2C399.3,7.9,411.6,7.5,421.9,6.5z\"\/>\n<\/svg>\t\t<\/div>\n\t\t<div class=\"elementor-element elementor-element-c81b114 e-con-full e-flex elementor-invisible e-con e-child\" data-id=\"c81b114\" data-element_type=\"container\" data-settings=\"{&quot;animation&quot;:&quot;fadeIn&quot;}\">\n\t\t<div class=\"elementor-element elementor-element-68657c3 e-con-full e-flex e-con e-child\" data-id=\"68657c3\" data-element_type=\"container\">\n\t\t\t\t<div class=\"elementor-element elementor-element-5f7da3f elementor-widget elementor-widget-heading\" data-id=\"5f7da3f\" data-element_type=\"widget\" data-widget_type=\"heading.default\">\n\t\t\t\t<div class=\"elementor-widget-container\">\n\t\t\t\t\t<h2 class=\"elementor-heading-title elementor-size-default\">Customized projects: Tailor-made solutions for every need<\/h2>\t\t\t\t<\/div>\n\t\t\t\t<\/div>\n\t\t\t\t<div class=\"elementor-element elementor-element-ff27699 elementor-widget elementor-widget-text-editor\" data-id=\"ff27699\" data-element_type=\"widget\" data-widget_type=\"text-editor.default\">\n\t\t\t\t<div class=\"elementor-widget-container\">\n\t\t\t\t\t\t\t\t\t<p>At All in One Service, we understand that every event is unique and has specific needs. That\u2019s why we offer customized projects designed to fit your vision and goals. Our customer-centric approach ensures that every detail is tailored to your expectations, creating a memorable experience.<\/p>\t\t\t\t\t\t\t\t<\/div>\n\t\t\t\t<\/div>\n\t\t\t\t<\/div>\n\t\t\t\t<div class=\"elementor-element elementor-element-285b5b1 elementor-widget__width-initial elementor-widget elementor-widget-image\" data-id=\"285b5b1\" data-element_type=\"widget\" data-widget_type=\"image.default\">\n\t\t\t\t<div class=\"elementor-widget-container\">\n\t\t\t\t\t\t\t\t\t\t\t\t\t\t\t<img fetchpriority=\"high\" decoding=\"async\" width=\"2560\" height=\"1920\" src=\"https:\/\/allinoneservice.es\/wp-content\/uploads\/2024\/11\/Copia-de-IMG_6108-scaled.jpg\" class=\"attachment-full size-full wp-image-262\" alt=\"\" srcset=\"https:\/\/allinoneservice.es\/wp-content\/uploads\/2024\/11\/Copia-de-IMG_6108-scaled.jpg 2560w, https:\/\/allinoneservice.es\/wp-content\/uploads\/2024\/11\/Copia-de-IMG_6108-300x225.jpg 300w, https:\/\/allinoneservice.es\/wp-content\/uploads\/2024\/11\/Copia-de-IMG_6108-1024x768.jpg 1024w, https:\/\/allinoneservice.es\/wp-content\/uploads\/2024\/11\/Copia-de-IMG_6108-768x576.jpg 768w, https:\/\/allinoneservice.es\/wp-content\/uploads\/2024\/11\/Copia-de-IMG_6108-1536x1152.jpg 1536w, https:\/\/allinoneservice.es\/wp-content\/uploads\/2024\/11\/Copia-de-IMG_6108-2048x1536.jpg 2048w\" sizes=\"(max-width: 2560px) 100vw, 2560px\" \/>\t\t\t\t\t\t\t\t\t\t\t\t\t\t\t<\/div>\n\t\t\t\t<\/div>\n\t\t\t\t<\/div>\n\t\t\t\t\t<\/div>\n\t\t\t\t<\/div>\n\t\t<div class=\"elementor-element elementor-element-b973d84 e-flex e-con-boxed e-con e-parent\" data-id=\"b973d84\" data-element_type=\"container\" data-settings=\"{&quot;shape_divider_bottom&quot;:&quot;waves&quot;}\">\n\t\t\t\t\t<div class=\"e-con-inner\">\n\t\t\t\t<div class=\"elementor-shape elementor-shape-bottom\" data-negative=\"false\">\n\t\t\t<svg xmlns=\"http:\/\/www.w3.org\/2000\/svg\" viewbox=\"0 0 1000 100\" preserveaspectratio=\"none\">\n\t<path class=\"elementor-shape-fill\" d=\"M421.9,6.5c22.6-2.5,51.5,0.4,75.5,5.3c23.6,4.9,70.9,23.5,100.5,35.7c75.8,32.2,133.7,44.5,192.6,49.7\tc23.6,2.1,48.7,3.5,103.4-2.5c54.7-6,106.2-25.6,106.2-25.6V0H0v30.3c0,0,72,32.6,158.4,30.5c39.2-0.7,92.8-6.7,134-22.4\tc21.2-8.1,52.2-18.2,79.7-24.2C399.3,7.9,411.6,7.5,421.9,6.5z\"\/>\n<\/svg>\t\t<\/div>\n\t\t<div class=\"elementor-element elementor-element-7c74e8c e-con-full e-flex e-con e-child\" data-id=\"7c74e8c\" data-element_type=\"container\" data-settings=\"{&quot;background_background&quot;:&quot;classic&quot;}\">\n\t\t<div class=\"elementor-element elementor-element-666b434 e-con-full e-flex e-con e-child\" data-id=\"666b434\" data-element_type=\"container\" data-settings=\"{&quot;background_background&quot;:&quot;classic&quot;}\">\n\t\t\t\t<div class=\"elementor-element elementor-element-55fe929 elementor-widget elementor-widget-heading\" data-id=\"55fe929\" data-element_type=\"widget\" data-widget_type=\"heading.default\">\n\t\t\t\t<div class=\"elementor-widget-container\">\n\t\t\t\t\t<h3 class=\"elementor-heading-title elementor-size-default\">Custom Project Creation Process<\/h3>\t\t\t\t<\/div>\n\t\t\t\t<\/div>\n\t\t<div class=\"elementor-element elementor-element-64523ea e-con-full e-flex e-con e-child\" data-id=\"64523ea\" data-element_type=\"container\">\n\t\t<div class=\"elementor-element elementor-element-118fce4 e-con-full e-flex e-con e-child\" data-id=\"118fce4\" data-element_type=\"container\">\n\t\t<div class=\"elementor-element elementor-element-31a6be8 e-con-full e-flex e-con e-child\" data-id=\"31a6be8\" data-element_type=\"container\" data-settings=\"{&quot;background_background&quot;:&quot;classic&quot;}\">\n\t\t\t\t<\/div>\n\t\t\t\t<div class=\"elementor-element elementor-element-b4d7cd2 elementor-widget elementor-widget-heading\" data-id=\"b4d7cd2\" data-element_type=\"widget\" data-widget_type=\"heading.default\">\n\t\t\t\t<div class=\"elementor-widget-container\">\n\t\t\t\t\t<h2 class=\"elementor-heading-title elementor-size-default\">Initial consultation<\/h2>\t\t\t\t<\/div>\n\t\t\t\t<\/div>\n\t\t\t\t<div class=\"elementor-element elementor-element-e3701cc elementor-widget elementor-widget-text-editor\" data-id=\"e3701cc\" data-element_type=\"widget\" data-widget_type=\"text-editor.default\">\n\t\t\t\t<div class=\"elementor-widget-container\">\n\t\t\t\t\t\t\t\t\t<p>We start with a meeting to understand your needs, expectations and the theme of the event. Our team listens carefully to capture the essence of your vision.<\/p>\t\t\t\t\t\t\t\t<\/div>\n\t\t\t\t<\/div>\n\t\t\t\t<\/div>\n\t\t<div class=\"elementor-element elementor-element-4750fa2 e-con-full e-flex e-con e-child\" data-id=\"4750fa2\" data-element_type=\"container\">\n\t\t<div class=\"elementor-element elementor-element-17877d6 e-con-full e-flex e-con e-child\" data-id=\"17877d6\" data-element_type=\"container\" data-settings=\"{&quot;background_background&quot;:&quot;classic&quot;}\">\n\t\t\t\t<\/div>\n\t\t\t\t<div class=\"elementor-element elementor-element-d21d430 elementor-widget elementor-widget-heading\" data-id=\"d21d430\" data-element_type=\"widget\" data-widget_type=\"heading.default\">\n\t\t\t\t<div class=\"elementor-widget-container\">\n\t\t\t\t\t<h2 class=\"elementor-heading-title elementor-size-default\">Custom design<\/h2>\t\t\t\t<\/div>\n\t\t\t\t<\/div>\n\t\t\t\t<div class=\"elementor-element elementor-element-0507b78 elementor-widget elementor-widget-text-editor\" data-id=\"0507b78\" data-element_type=\"widget\" data-widget_type=\"text-editor.default\">\n\t\t\t\t<div class=\"elementor-widget-container\">\n\t\t\t\t\t\t\t\t\t<p>Our designers create custom proposals that reflect your brand identity. Whether you need decorations, 3D letters, 2D figures or any other solution, we adapt each element to your requirements.<\/p>\t\t\t\t\t\t\t\t<\/div>\n\t\t\t\t<\/div>\n\t\t\t\t<\/div>\n\t\t<div class=\"elementor-element elementor-element-a4f0ace e-con-full e-flex e-con e-child\" data-id=\"a4f0ace\" data-element_type=\"container\">\n\t\t<div class=\"elementor-element elementor-element-41e76bc e-con-full e-flex e-con e-child\" data-id=\"41e76bc\" data-element_type=\"container\" data-settings=\"{&quot;background_background&quot;:&quot;classic&quot;}\">\n\t\t\t\t<\/div>\n\t\t\t\t<div class=\"elementor-element elementor-element-c04b644 elementor-widget elementor-widget-heading\" data-id=\"c04b644\" data-element_type=\"widget\" data-widget_type=\"heading.default\">\n\t\t\t\t<div class=\"elementor-widget-container\">\n\t\t\t\t\t<h2 class=\"elementor-heading-title elementor-size-default\">Production and manufacturing<\/h2>\t\t\t\t<\/div>\n\t\t\t\t<\/div>\n\t\t\t\t<div class=\"elementor-element elementor-element-279c494 elementor-widget elementor-widget-text-editor\" data-id=\"279c494\" data-element_type=\"widget\" data-widget_type=\"text-editor.default\">\n\t\t\t\t<div class=\"elementor-widget-container\">\n\t\t\t\t\t\t\t\t\t<p>We use high-quality materials and innovative techniques to ensure that each project is durable and visually striking. From signage to signage, we take care of the entire process.<\/p>\t\t\t\t\t\t\t\t<\/div>\n\t\t\t\t<\/div>\n\t\t\t\t<\/div>\n\t\t<div class=\"elementor-element elementor-element-c818f10 e-con-full e-flex e-con e-child\" data-id=\"c818f10\" data-element_type=\"container\">\n\t\t<div class=\"elementor-element elementor-element-39ebfad e-con-full e-flex e-con e-child\" data-id=\"39ebfad\" data-element_type=\"container\" data-settings=\"{&quot;background_background&quot;:&quot;classic&quot;}\">\n\t\t\t\t<\/div>\n\t\t\t\t<div class=\"elementor-element elementor-element-f232d40 elementor-widget elementor-widget-heading\" data-id=\"f232d40\" data-element_type=\"widget\" data-widget_type=\"heading.default\">\n\t\t\t\t<div class=\"elementor-widget-container\">\n\t\t\t\t\t<h2 class=\"elementor-heading-title elementor-size-default\">Professional installation<\/h2>\t\t\t\t<\/div>\n\t\t\t\t<\/div>\n\t\t\t\t<div class=\"elementor-element elementor-element-4a859f0 elementor-widget elementor-widget-text-editor\" data-id=\"4a859f0\" data-element_type=\"widget\" data-widget_type=\"text-editor.default\">\n\t\t\t\t<div class=\"elementor-widget-container\">\n\t\t\t\t\t\t\t\t\t<p>Our installation team ensures that each element is properly and safely placed, ensuring that your event looks perfect.<\/p>\t\t\t\t\t\t\t\t<\/div>\n\t\t\t\t<\/div>\n\t\t\t\t<\/div>\n\t\t\t\t<\/div>\n\t\t\t\t<\/div>\n\t\t\t\t<\/div>\n\t\t\t\t\t<\/div>\n\t\t\t\t<\/div>\n\t\t<div class=\"elementor-element elementor-element-34b34e7 e-flex e-con-boxed e-con e-parent\" data-id=\"34b34e7\" data-element_type=\"container\" data-settings=\"{&quot;background_background&quot;:&quot;classic&quot;}\">\n\t\t\t\t\t<div class=\"e-con-inner\">\n\t\t<div class=\"elementor-element elementor-element-8bb4b7a e-con-full e-flex e-con e-child\" data-id=\"8bb4b7a\" data-element_type=\"container\" data-settings=\"{&quot;background_background&quot;:&quot;classic&quot;}\">\n\t\t\t\t<div class=\"elementor-element elementor-element-2ff1fbb elementor-widget elementor-widget-heading\" data-id=\"2ff1fbb\" data-element_type=\"widget\" data-widget_type=\"heading.default\">\n\t\t\t\t<div class=\"elementor-widget-container\">\n\t\t\t\t\t<h3 class=\"elementor-heading-title elementor-size-default\">Specific solutions: projects tailored to your vision<\/h3>\t\t\t\t<\/div>\n\t\t\t\t<\/div>\n\t\t<div class=\"elementor-element elementor-element-0e233af e-con-full e-flex e-con e-child\" data-id=\"0e233af\" data-element_type=\"container\">\n\t\t<div class=\"elementor-element elementor-element-da8f951 e-con-full e-flex e-con e-child\" data-id=\"da8f951\" data-element_type=\"container\">\n\t\t\t\t<div class=\"elementor-element elementor-element-2920abf elementor-widget elementor-widget-heading\" data-id=\"2920abf\" data-element_type=\"widget\" data-widget_type=\"heading.default\">\n\t\t\t\t<div class=\"elementor-widget-container\">\n\t\t\t\t\t<h2 class=\"elementor-heading-title elementor-size-default\">Corporate events<\/h2>\t\t\t\t<\/div>\n\t\t\t\t<\/div>\n\t\t\t\t<div class=\"elementor-element elementor-element-9e2e3cd elementor-widget elementor-widget-text-editor\" data-id=\"9e2e3cd\" data-element_type=\"widget\" data-widget_type=\"text-editor.default\">\n\t\t\t\t<div class=\"elementor-widget-container\">\n\t\t\t\t\t\t\t\t\t<p>From product launches to conferences, we create spaces that reflect your brand identity and create a professional and welcoming environment.<\/p>\t\t\t\t\t\t\t\t<\/div>\n\t\t\t\t<\/div>\n\t\t\t\t<\/div>\n\t\t<div class=\"elementor-element elementor-element-eeab3eb e-con-full e-flex e-con e-child\" data-id=\"eeab3eb\" data-element_type=\"container\">\n\t\t\t\t<div class=\"elementor-element elementor-element-570a504 elementor-widget elementor-widget-heading\" data-id=\"570a504\" data-element_type=\"widget\" data-widget_type=\"heading.default\">\n\t\t\t\t<div class=\"elementor-widget-container\">\n\t\t\t\t\t<h2 class=\"elementor-heading-title elementor-size-default\">Fairs and exhibitions<\/h2>\t\t\t\t<\/div>\n\t\t\t\t<\/div>\n\t\t\t\t<div class=\"elementor-element elementor-element-b6eeae1 elementor-widget elementor-widget-text-editor\" data-id=\"b6eeae1\" data-element_type=\"widget\" data-widget_type=\"text-editor.default\">\n\t\t\t\t<div class=\"elementor-widget-container\">\n\t\t\t\t\t\t\t\t\t<p>We design stands and visual elements that stand out from the crowd, attracting the attention of attendees and generating greater interest in your products or services.<\/p>\t\t\t\t\t\t\t\t<\/div>\n\t\t\t\t<\/div>\n\t\t\t\t<\/div>\n\t\t<div class=\"elementor-element elementor-element-b46b0ea e-con-full e-flex e-con e-child\" data-id=\"b46b0ea\" data-element_type=\"container\">\n\t\t\t\t<div class=\"elementor-element elementor-element-4d2a6a9 elementor-widget elementor-widget-heading\" data-id=\"4d2a6a9\" data-element_type=\"widget\" data-widget_type=\"heading.default\">\n\t\t\t\t<div class=\"elementor-widget-container\">\n\t\t\t\t\t<h2 class=\"elementor-heading-title elementor-size-default\">Special celebrations<\/h2>\t\t\t\t<\/div>\n\t\t\t\t<\/div>\n\t\t\t\t<div class=\"elementor-element elementor-element-5385ff5 elementor-widget elementor-widget-text-editor\" data-id=\"5385ff5\" data-element_type=\"widget\" data-widget_type=\"text-editor.default\">\n\t\t\t\t<div class=\"elementor-widget-container\">\n\t\t\t\t\t\t\t\t\t<p>Whether it is a wedding, anniversary or private party, we develop unique decorations that personalize and give a special touch to each event.<\/p>\t\t\t\t\t\t\t\t<\/div>\n\t\t\t\t<\/div>\n\t\t\t\t<\/div>\n\t\t<div class=\"elementor-element elementor-element-dbcb6b8 e-con-full e-flex e-con e-child\" data-id=\"dbcb6b8\" data-element_type=\"container\">\n\t\t\t\t<div class=\"elementor-element elementor-element-e44318d elementor-widget elementor-widget-heading\" data-id=\"e44318d\" data-element_type=\"widget\" data-widget_type=\"heading.default\">\n\t\t\t\t<div class=\"elementor-widget-container\">\n\t\t\t\t\t<h2 class=\"elementor-heading-title elementor-size-default\">Brand Activations<\/h2>\t\t\t\t<\/div>\n\t\t\t\t<\/div>\n\t\t\t\t<div class=\"elementor-element elementor-element-91969d5 elementor-widget elementor-widget-text-editor\" data-id=\"91969d5\" data-element_type=\"widget\" data-widget_type=\"text-editor.default\">\n\t\t\t\t<div class=\"elementor-widget-container\">\n\t\t\t\t\t\t\t\t\t<p>We create interactive and memorable experiences that engage the public, strengthening the connection with your brand.<\/p>\t\t\t\t\t\t\t\t<\/div>\n\t\t\t\t<\/div>\n\t\t\t\t<\/div>\n\t\t\t\t<\/div>\n\t\t\t\t<\/div>\n\t\t\t\t\t<\/div>\n\t\t\t\t<\/div>\n\t\t\t\t<\/div>","protected":false},"excerpt":{"rendered":"<p>Custom Projects Custom Projects: Tailor-made solutions for every need At All in One Service, we understand that every event is unique and has specific needs. That\u2019s why we offer custom projects designed to fit your vision and goals. Our customer-centric approach ensures that every detail is tailored to your expectations, creating a [\u2026]<\/p>","protected":false},"author":1,"featured_media":0,"parent":0,"menu_order":0,"comment_status":"closed","ping_status":"closed","template":"","meta":{"footnotes":""},"class_list":["post-22","page","type-page","status-publish","hentry"],"yoast_head":"<!-- This site is optimized with the Yoast SEO plugin v24.6 - https:\/\/yoast.com\/wordpress\/plugins\/seo\/ -->\n<title>Proyectos personalizados - All In One Service<\/title>\n<meta name=\"robots\" content=\"index, follow, max-snippet:-1, max-image-preview:large, max-video-preview:-1\" \/>\n<link rel=\"canonical\" href=\"https:\/\/allinoneservice.es\/en\/proyectos-personalizados\/\" \/>\n<meta property=\"og:locale\" content=\"en_GB\" \/>\n<meta property=\"og:type\" content=\"article\" \/>\n<meta property=\"og:title\" content=\"Proyectos personalizados - All In One Service\" \/>\n<meta property=\"og:description\" content=\"Proyectos personalizados Proyectos personalizados: Soluciones a medida para cada necesidad En All in One Service, entendemos que cada evento es \u00fanico y tiene necesidades espec\u00edficas. Por eso, ofrecemos proyectos personalizados dise\u00f1ados para adaptarse a tu visi\u00f3n y objetivos. Nuestro enfoque centrado en el cliente garantiza que cada detalle se ajuste a tus expectativas, creando una [&hellip;]\" \/>\n<meta property=\"og:url\" content=\"https:\/\/allinoneservice.es\/en\/proyectos-personalizados\/\" \/>\n<meta property=\"og:site_name\" content=\"All In One Service\" \/>\n<meta property=\"article:modified_time\" content=\"2024-11-25T15:20:20+00:00\" \/>\n<meta property=\"og:image\" content=\"https:\/\/allinoneservice.es\/wp-content\/uploads\/2024\/11\/Copia-de-IMG_6108-scaled.jpg\" \/>\n<meta name=\"twitter:card\" content=\"summary_large_image\" \/>\n<meta name=\"twitter:label1\" content=\"Estimated reading time\" \/>\n\t<meta name=\"twitter:data1\" content=\"2 minutes\" \/>\n<script type=\"application\/ld+json\" class=\"yoast-schema-graph\">{\"@context\":\"https:\/\/schema.org\",\"@graph\":[{\"@type\":\"WebPage\",\"@id\":\"https:\/\/allinoneservice.es\/proyectos-personalizados\/\",\"url\":\"https:\/\/allinoneservice.es\/proyectos-personalizados\/\",\"name\":\"Proyectos personalizados - All In One Service\",\"isPartOf\":{\"@id\":\"https:\/\/allinoneservice.es\/#website\"},\"primaryImageOfPage\":{\"@id\":\"https:\/\/allinoneservice.es\/proyectos-personalizados\/#primaryimage\"},\"image\":{\"@id\":\"https:\/\/allinoneservice.es\/proyectos-personalizados\/#primaryimage\"},\"thumbnailUrl\":\"https:\/\/allinoneservice.es\/wp-content\/uploads\/2024\/11\/Copia-de-IMG_6108-scaled.jpg\",\"datePublished\":\"2024-11-04T21:58:37+00:00\",\"dateModified\":\"2024-11-25T15:20:20+00:00\",\"breadcrumb\":{\"@id\":\"https:\/\/allinoneservice.es\/proyectos-personalizados\/#breadcrumb\"},\"inLanguage\":\"en-GB\",\"potentialAction\":[{\"@type\":\"ReadAction\",\"target\":[\"https:\/\/allinoneservice.es\/proyectos-personalizados\/\"]}]},{\"@type\":\"ImageObject\",\"inLanguage\":\"en-GB\",\"@id\":\"https:\/\/allinoneservice.es\/proyectos-personalizados\/#primaryimage\",\"url\":\"https:\/\/allinoneservice.es\/wp-content\/uploads\/2024\/11\/Copia-de-IMG_6108-scaled.jpg\",\"contentUrl\":\"https:\/\/allinoneservice.es\/wp-content\/uploads\/2024\/11\/Copia-de-IMG_6108-scaled.jpg\"},{\"@type\":\"BreadcrumbList\",\"@id\":\"https:\/\/allinoneservice.es\/proyectos-personalizados\/#breadcrumb\",\"itemListElement\":[{\"@type\":\"ListItem\",\"position\":1,\"name\":\"Portada\",\"item\":\"https:\/\/allinoneservice.es\/\"},{\"@type\":\"ListItem\",\"position\":2,\"name\":\"Proyectos personalizados\"}]},{\"@type\":\"WebSite\",\"@id\":\"https:\/\/allinoneservice.es\/#website\",\"url\":\"https:\/\/allinoneservice.es\/\",\"name\":\"Only one service\",\"description\":\"\",\"publisher\":{\"@id\":\"https:\/\/allinoneservice.es\/#organization\"},\"potentialAction\":[{\"@type\":\"SearchAction\",\"target\":{\"@type\":\"EntryPoint\",\"urlTemplate\":\"https:\/\/allinoneservice.es\/?s={search_term_string}\"},\"query-input\":{\"@type\":\"PropertyValueSpecification\",\"valueRequired\":true,\"valueName\":\"search_term_string\"}}],\"inLanguage\":\"en-GB\"},{\"@type\":\"Organization\",\"@id\":\"https:\/\/allinoneservice.es\/#organization\",\"name\":\"Only one service\",\"url\":\"https:\/\/allinoneservice.es\/\",\"logo\":{\"@type\":\"ImageObject\",\"inLanguage\":\"en-GB\",\"@id\":\"https:\/\/allinoneservice.es\/#\/schema\/logo\/image\/\",\"url\":\"https:\/\/allinoneservice.es\/wp-content\/uploads\/2024\/11\/2-e1732548222692.png\",\"contentUrl\":\"https:\/\/allinoneservice.es\/wp-content\/uploads\/2024\/11\/2-e1732548222692.png\",\"width\":1100,\"height\":278,\"caption\":\"Only one service\"},\"image\":{\"@id\":\"https:\/\/allinoneservice.es\/#\/schema\/logo\/image\/\"}}]}<\/script>\n<!-- \/ Yoast SEO plugin. -->","yoast_head_json":{"title":"Proyectos personalizados - All In One Service","robots":{"index":"index","follow":"follow","max-snippet":"max-snippet:-1","max-image-preview":"max-image-preview:large","max-video-preview":"max-video-preview:-1"},"canonical":"https:\/\/allinoneservice.es\/en\/proyectos-personalizados\/","og_locale":"en_GB","og_type":"article","og_title":"Proyectos personalizados - All In One Service","og_description":"Proyectos personalizados Proyectos personalizados: Soluciones a medida para cada necesidad En All in One Service, entendemos que cada evento es \u00fanico y tiene necesidades espec\u00edficas. Por eso, ofrecemos proyectos personalizados dise\u00f1ados para adaptarse a tu visi\u00f3n y objetivos. Nuestro enfoque centrado en el cliente garantiza que cada detalle se ajuste a tus expectativas, creando una [&hellip;]","og_url":"https:\/\/allinoneservice.es\/en\/proyectos-personalizados\/","og_site_name":"All In One Service","article_modified_time":"2024-11-25T15:20:20+00:00","og_image":[{"url":"https:\/\/allinoneservice.es\/wp-content\/uploads\/2024\/11\/Copia-de-IMG_6108-scaled.jpg","type":"","width":"","height":""}],"twitter_card":"summary_large_image","twitter_misc":{"Estimated reading time":"2 minutes"},"schema":{"@context":"https:\/\/schema.org","@graph":[{"@type":"WebPage","@id":"https:\/\/allinoneservice.es\/proyectos-personalizados\/","url":"https:\/\/allinoneservice.es\/proyectos-personalizados\/","name":"Proyectos personalizados - All In One Service","isPartOf":{"@id":"https:\/\/allinoneservice.es\/#website"},"primaryImageOfPage":{"@id":"https:\/\/allinoneservice.es\/proyectos-personalizados\/#primaryimage"},"image":{"@id":"https:\/\/allinoneservice.es\/proyectos-personalizados\/#primaryimage"},"thumbnailUrl":"https:\/\/allinoneservice.es\/wp-content\/uploads\/2024\/11\/Copia-de-IMG_6108-scaled.jpg","datePublished":"2024-11-04T21:58:37+00:00","dateModified":"2024-11-25T15:20:20+00:00","breadcrumb":{"@id":"https:\/\/allinoneservice.es\/proyectos-personalizados\/#breadcrumb"},"inLanguage":"en-GB","potentialAction":[{"@type":"ReadAction","target":["https:\/\/allinoneservice.es\/proyectos-personalizados\/"]}]},{"@type":"ImageObject","inLanguage":"en-GB","@id":"https:\/\/allinoneservice.es\/proyectos-personalizados\/#primaryimage","url":"https:\/\/allinoneservice.es\/wp-content\/uploads\/2024\/11\/Copia-de-IMG_6108-scaled.jpg","contentUrl":"https:\/\/allinoneservice.es\/wp-content\/uploads\/2024\/11\/Copia-de-IMG_6108-scaled.jpg"},{"@type":"BreadcrumbList","@id":"https:\/\/allinoneservice.es\/proyectos-personalizados\/#breadcrumb","itemListElement":[{"@type":"ListItem","position":1,"name":"Portada","item":"https:\/\/allinoneservice.es\/"},{"@type":"ListItem","position":2,"name":"Proyectos personalizados"}]},{"@type":"WebSite","@id":"https:\/\/allinoneservice.es\/#website","url":"https:\/\/allinoneservice.es\/","name":"Only one service","description":"","publisher":{"@id":"https:\/\/allinoneservice.es\/#organization"},"potentialAction":[{"@type":"SearchAction","target":{"@type":"EntryPoint","urlTemplate":"https:\/\/allinoneservice.es\/?s={search_term_string}"},"query-input":{"@type":"PropertyValueSpecification","valueRequired":true,"valueName":"search_term_string"}}],"inLanguage":"en-GB"},{"@type":"Organization","@id":"https:\/\/allinoneservice.es\/#organization","name":"Only one service","url":"https:\/\/allinoneservice.es\/","logo":{"@type":"ImageObject","inLanguage":"en-GB","@id":"https:\/\/allinoneservice.es\/#\/schema\/logo\/image\/","url":"https:\/\/allinoneservice.es\/wp-content\/uploads\/2024\/11\/2-e1732548222692.png","contentUrl":"https:\/\/allinoneservice.es\/wp-content\/uploads\/2024\/11\/2-e1732548222692.png","width":1100,"height":278,"caption":"Only one service"},"image":{"@id":"https:\/\/allinoneservice.es\/#\/schema\/logo\/image\/"}}]}},"_links":{"self":[{"href":"https:\/\/allinoneservice.es\/en\/wp-json\/wp\/v2\/pages\/22","targetHints":{"allow":["GET"]}}],"collection":[{"href":"https:\/\/allinoneservice.es\/en\/wp-json\/wp\/v2\/pages"}],"about":[{"href":"https:\/\/allinoneservice.es\/en\/wp-json\/wp\/v2\/types\/page"}],"author":[{"embeddable":true,"href":"https:\/\/allinoneservice.es\/en\/wp-json\/wp\/v2\/users\/1"}],"replies":[{"embeddable":true,"href":"https:\/\/allinoneservice.es\/en\/wp-json\/wp\/v2\/comments?post=22"}],"version-history":[{"count":22,"href":"https:\/\/allinoneservice.es\/en\/wp-json\/wp\/v2\/pages\/22\/revisions"}],"predecessor-version":[{"id":600,"href":"https:\/\/allinoneservice.es\/en\/wp-json\/wp\/v2\/pages\/22\/revisions\/600"}],"wp:attachment":[{"href":"https:\/\/allinoneservice.es\/en\/wp-json\/wp\/v2\/media?parent=22"}],"curies":[{"name":"wp","href":"https:\/\/api.w.org\/{rel}","templated":true}]}}